{"id":2456,"date":"2022-12-06T16:00:22","date_gmt":"2022-12-06T16:00:22","guid":{"rendered":"https:\/\/craftstrom.local\/impressum\/"},"modified":"2022-12-06T18:50:02","modified_gmt":"2022-12-06T18:50:02","slug":"impressum","status":"publish","type":"page","link":"https:\/\/craftstrom.com\/de\/impressum\/","title":{"rendered":"Impressum"},"content":{"rendered":"\n<h2 class=\"has-black-color has-text-color wp-block-heading\"><\/h2>\n\n<h2 class=\"wp-block-heading\">CraftStrom Deutschland, GmbH<\/h2>\n\n<ul class=\"wp-block-list\">\n<li>Adresse: Severinskirchplatz 8 50678 K\u00f6ln, Deutschland (kein Verkauf an dieser Adresse)<\/li>\n\n\n\n<li>Zust\u00e4ndiges Registergericht: K\u00f6ln<\/li>\n\n\n\n<li>Handelsregisternummer 109132<\/li>\n\n\n\n<li>Contact via email: info (at) craftstrom.com<\/li>\n\n\n\n<li>Webhost: <a href=\"https:\/\/www.easyname.at\">Easyname<\/a><\/li>\n<\/ul>\n\n<h2 class=\"wp-block-heading\">Copyright<\/h2>\n\n<p>Alle auf dieser Website ver\u00f6ffentlichten Inhalte sind \u00a9 2019 CraftsStrom und seine Lizenzgeber. Alle Rechte vorbehalten. Sie m\u00fcssen eine vorherige schriftliche Genehmigung f\u00fcr die Wiederver\u00f6ffentlichung oder Weiterverbreitung von Inhalten einholen, einschlie\u00dflich durch Framing oder \u00e4hnliche Mittel, es sei denn, dies ist gem\u00e4\u00df den geltenden Nutzungsbedingungen zul\u00e4ssig. Wenn Sie die Erlaubnis w\u00fcnschen, auf dieser Website ver\u00f6ffentlichte Inhalte au\u00dferhalb dieser Bedingungen zu verwenden, kontaktieren Sie uns bitte.<\/p>\n","protected":false},"excerpt":{"rendered":"<p>CraftStrom Deutschland, GmbH Copyright Alle auf dieser Website ver\u00f6ffentlichten Inhalte sind \u00a9 2019 CraftsStrom und seine Lizenzgeber. Alle Rechte vorbehalten. Sie m\u00fcssen eine vorherige schriftliche Genehmigung f\u00fcr die Wiederver\u00f6ffentlichung oder Weiterverbreitung von Inhalten einholen, einschlie\u00dflich durch Framing oder \u00e4hnliche Mittel, es sei denn, dies ist gem\u00e4\u00df den geltenden Nutzungsbedingungen zul\u00e4ssig. Wenn Sie die Erlaubnis w\u00fcnschen, auf dieser Website ver\u00f6ffentlichte Inhalte &#8230;<\/p>\n","protected":false},"author":1,"featured_media":0,"parent":0,"menu_order":0,"comment_status":"closed","ping_status":"closed","template":"","meta":{"_acf_changed":false,"footnotes":""},"class_list":["post-2456","page","type-page","status-publish","hentry"],"acf":[],"yoast_head":"<!-- This site is optimized with the Yoast SEO Premium plugin v26.9 (Yoast SEO v26.9) - https:\/\/yoast.com\/product\/yoast-seo-premium-wordpress\/ -->\n<title>Impressum - Craftstrom Solar<\/title>\n<meta name=\"robots\" content=\"index, follow, max-snippet:-1, max-image-preview:large, max-video-preview:-1\" \/>\n<link rel=\"canonical\" href=\"https:\/\/craftstrom.com\/de\/impressum\/\" \/>\n<meta property=\"og:locale\" content=\"de_DE\" \/>\n<meta property=\"og:type\" content=\"article\" \/>\n<meta property=\"og:title\" content=\"Impressum\" \/>\n<meta property=\"og:description\" content=\"CraftStrom Deutschland, GmbH Copyright Alle auf dieser Website ver\u00f6ffentlichten Inhalte sind \u00a9 2019 CraftsStrom und seine Lizenzgeber. Alle Rechte vorbehalten. Sie m\u00fcssen eine vorherige schriftliche Genehmigung f\u00fcr die Wiederver\u00f6ffentlichung oder Weiterverbreitung von Inhalten einholen, einschlie\u00dflich durch Framing oder \u00e4hnliche Mittel, es sei denn, dies ist gem\u00e4\u00df den geltenden Nutzungsbedingungen zul\u00e4ssig. Wenn Sie die Erlaubnis w\u00fcnschen, auf dieser Website ver\u00f6ffentlichte Inhalte ...\" \/>\n<meta property=\"og:url\" content=\"https:\/\/craftstrom.com\/de\/impressum\/\" \/>\n<meta property=\"og:site_name\" content=\"Craftstrom Solar\" \/>\n<meta property=\"article:publisher\" content=\"https:\/\/www.facebook.com\/craftstrom\/\" \/>\n<meta property=\"article:modified_time\" content=\"2022-12-06T18:50:02+00:00\" \/>\n<meta name=\"twitter:card\" content=\"summary_large_image\" \/>\n<meta name=\"twitter:label1\" content=\"Gesch\u00e4tzte Lesezeit\" \/>\n\t<meta name=\"twitter:data1\" content=\"1\u00a0Minute\" \/>\n<script type=\"application\/ld+json\" class=\"yoast-schema-graph\">{\"@context\":\"https:\/\/schema.org\",\"@graph\":[{\"@type\":\"WebPage\",\"@id\":\"https:\/\/craftstrom.com\/de\/impressum\/\",\"url\":\"https:\/\/craftstrom.com\/de\/impressum\/\",\"name\":\"Impressum - Craftstrom Solar\",\"isPartOf\":{\"@id\":\"https:\/\/craftstrom.com\/de\/#website\"},\"datePublished\":\"2022-12-06T16:00:22+00:00\",\"dateModified\":\"2022-12-06T18:50:02+00:00\",\"breadcrumb\":{\"@id\":\"https:\/\/craftstrom.com\/de\/impressum\/#breadcrumb\"},\"inLanguage\":\"de\",\"potentialAction\":[{\"@type\":\"ReadAction\",\"target\":[\"https:\/\/craftstrom.com\/de\/impressum\/\"]}]},{\"@type\":\"BreadcrumbList\",\"@id\":\"https:\/\/craftstrom.com\/de\/impressum\/#breadcrumb\",\"itemListElement\":[{\"@type\":\"ListItem\",\"position\":1,\"name\":\"Home\",\"item\":\"https:\/\/craftstrom.com\/de\/\"},{\"@type\":\"ListItem\",\"position\":2,\"name\":\"Impressum\"}]},{\"@type\":\"WebSite\",\"@id\":\"https:\/\/craftstrom.com\/de\/#website\",\"url\":\"https:\/\/craftstrom.com\/de\/\",\"name\":\"Craftstrom Solar\",\"description\":\"The Future of Plug and Play Solar\",\"publisher\":{\"@id\":\"https:\/\/craftstrom.com\/de\/#organization\"},\"potentialAction\":[{\"@type\":\"SearchAction\",\"target\":{\"@type\":\"EntryPoint\",\"urlTemplate\":\"https:\/\/craftstrom.com\/de\/?s={search_term_string}\"},\"query-input\":{\"@type\":\"PropertyValueSpecification\",\"valueRequired\":true,\"valueName\":\"search_term_string\"}}],\"inLanguage\":\"de\"},{\"@type\":\"Organization\",\"@id\":\"https:\/\/craftstrom.com\/de\/#organization\",\"name\":\"Craftstrom\",\"url\":\"https:\/\/craftstrom.com\/de\/\",\"logo\":{\"@type\":\"ImageObject\",\"inLanguage\":\"de\",\"@id\":\"https:\/\/craftstrom.com\/de\/#\/schema\/logo\/image\/\",\"url\":\"http:\/\/craftstrom.com\/wp-content\/uploads\/2022\/12\/logo.jpg\",\"contentUrl\":\"http:\/\/craftstrom.com\/wp-content\/uploads\/2022\/12\/logo.jpg\",\"width\":612,\"height\":231,\"caption\":\"Craftstrom\"},\"image\":{\"@id\":\"https:\/\/craftstrom.com\/de\/#\/schema\/logo\/image\/\"},\"sameAs\":[\"https:\/\/www.facebook.com\/craftstrom\/\",\"https:\/\/www.instagram.com\/craftstrom\/?hl=en\"]}]}<\/script>\n<!-- \/ Yoast SEO Premium plugin. -->","yoast_head_json":{"title":"Impressum - Craftstrom Solar","robots":{"index":"index","follow":"follow","max-snippet":"max-snippet:-1","max-image-preview":"max-image-preview:large","max-video-preview":"max-video-preview:-1"},"canonical":"https:\/\/craftstrom.com\/de\/impressum\/","og_locale":"de_DE","og_type":"article","og_title":"Impressum","og_description":"CraftStrom Deutschland, GmbH Copyright Alle auf dieser Website ver\u00f6ffentlichten Inhalte sind \u00a9 2019 CraftsStrom und seine Lizenzgeber. Alle Rechte vorbehalten. Sie m\u00fcssen eine vorherige schriftliche Genehmigung f\u00fcr die Wiederver\u00f6ffentlichung oder Weiterverbreitung von Inhalten einholen, einschlie\u00dflich durch Framing oder \u00e4hnliche Mittel, es sei denn, dies ist gem\u00e4\u00df den geltenden Nutzungsbedingungen zul\u00e4ssig. Wenn Sie die Erlaubnis w\u00fcnschen, auf dieser Website ver\u00f6ffentlichte Inhalte ...","og_url":"https:\/\/craftstrom.com\/de\/impressum\/","og_site_name":"Craftstrom Solar","article_publisher":"https:\/\/www.facebook.com\/craftstrom\/","article_modified_time":"2022-12-06T18:50:02+00:00","twitter_card":"summary_large_image","twitter_misc":{"Gesch\u00e4tzte Lesezeit":"1\u00a0Minute"},"schema":{"@context":"https:\/\/schema.org","@graph":[{"@type":"WebPage","@id":"https:\/\/craftstrom.com\/de\/impressum\/","url":"https:\/\/craftstrom.com\/de\/impressum\/","name":"Impressum - Craftstrom Solar","isPartOf":{"@id":"https:\/\/craftstrom.com\/de\/#website"},"datePublished":"2022-12-06T16:00:22+00:00","dateModified":"2022-12-06T18:50:02+00:00","breadcrumb":{"@id":"https:\/\/craftstrom.com\/de\/impressum\/#breadcrumb"},"inLanguage":"de","potentialAction":[{"@type":"ReadAction","target":["https:\/\/craftstrom.com\/de\/impressum\/"]}]},{"@type":"BreadcrumbList","@id":"https:\/\/craftstrom.com\/de\/impressum\/#breadcrumb","itemListElement":[{"@type":"ListItem","position":1,"name":"Home","item":"https:\/\/craftstrom.com\/de\/"},{"@type":"ListItem","position":2,"name":"Impressum"}]},{"@type":"WebSite","@id":"https:\/\/craftstrom.com\/de\/#website","url":"https:\/\/craftstrom.com\/de\/","name":"Craftstrom Solar","description":"The Future of Plug and Play Solar","publisher":{"@id":"https:\/\/craftstrom.com\/de\/#organization"},"potentialAction":[{"@type":"SearchAction","target":{"@type":"EntryPoint","urlTemplate":"https:\/\/craftstrom.com\/de\/?s={search_term_string}"},"query-input":{"@type":"PropertyValueSpecification","valueRequired":true,"valueName":"search_term_string"}}],"inLanguage":"de"},{"@type":"Organization","@id":"https:\/\/craftstrom.com\/de\/#organization","name":"Craftstrom","url":"https:\/\/craftstrom.com\/de\/","logo":{"@type":"ImageObject","inLanguage":"de","@id":"https:\/\/craftstrom.com\/de\/#\/schema\/logo\/image\/","url":"http:\/\/craftstrom.com\/wp-content\/uploads\/2022\/12\/logo.jpg","contentUrl":"http:\/\/craftstrom.com\/wp-content\/uploads\/2022\/12\/logo.jpg","width":612,"height":231,"caption":"Craftstrom"},"image":{"@id":"https:\/\/craftstrom.com\/de\/#\/schema\/logo\/image\/"},"sameAs":["https:\/\/www.facebook.com\/craftstrom\/","https:\/\/www.instagram.com\/craftstrom\/?hl=en"]}]}},"jetpack_sharing_enabled":true,"_links":{"self":[{"href":"https:\/\/craftstrom.com\/de\/wp-json\/wp\/v2\/pages\/2456","targetHints":{"allow":["GET"]}}],"collection":[{"href":"https:\/\/craftstrom.com\/de\/wp-json\/wp\/v2\/pages"}],"about":[{"href":"https:\/\/craftstrom.com\/de\/wp-json\/wp\/v2\/types\/page"}],"author":[{"embeddable":true,"href":"https:\/\/craftstrom.com\/de\/wp-json\/wp\/v2\/users\/1"}],"replies":[{"embeddable":true,"href":"https:\/\/craftstrom.com\/de\/wp-json\/wp\/v2\/comments?post=2456"}],"version-history":[{"count":0,"href":"https:\/\/craftstrom.com\/de\/wp-json\/wp\/v2\/pages\/2456\/revisions"}],"wp:attachment":[{"href":"https:\/\/craftstrom.com\/de\/wp-json\/wp\/v2\/media?parent=2456"}],"curies":[{"name":"wp","href":"https:\/\/api.w.org\/{rel}","templated":true}]}}