{"id":2474,"date":"2022-12-06T16:55:40","date_gmt":"2022-12-06T16:55:40","guid":{"rendered":"https:\/\/craftstrom.local\/rueckerstattungs-und-rueckgaberecht\/"},"modified":"2022-12-06T18:09:26","modified_gmt":"2022-12-06T18:09:26","slug":"rueckerstattungs-und-rueckgaberecht","status":"publish","type":"page","link":"https:\/\/craftstrom.com\/de\/rueckerstattungs-und-rueckgaberecht\/","title":{"rendered":"R\u00fcckerstattungs- und R\u00fcckgaberecht"},"content":{"rendered":"\n<p><\/p><h3>Overview<\/h3>\n\n<p>Unsere R\u00fcckerstattungs- und R\u00fcckgaberichtlinie dauert 30 Tage. Wenn seit Ihrem Kauf 30 Tage vergangen sind, k\u00f6nnen wir Ihnen keine vollst\u00e4ndige R\u00fcckerstattung oder Umtausch anbieten.<\/p>\n\n<p>Um f\u00fcr eine R\u00fccksendung in Frage zu kommen, muss Ihr Artikel unbenutzt und in demselben Zustand sein, in dem Sie ihn erhalten haben. Es muss sich auch in der Originalverpackung befinden.<\/p>\n\n<p>Um Ihre R\u00fccksendung abzuschlie\u00dfen, ben\u00f6tigen wir eine Quittung oder einen Kaufbeleg.<\/p>\n\n<p>Bitte senden Sie Ihren Einkauf nicht an den Hersteller zur\u00fcck, wenn Sie die Ware \u00fcber einen Drittanbieter bezogen haben.<\/p>\n\n<p>Es gibt bestimmte Situationen, in denen nur teilweise R\u00fcckerstattungen gew\u00e4hrt werden:<\/p>\n\n<ul class=\"wp-block-list\">\n<li>Jeder Artikel, der sich nicht im Originalzustand befindet, besch\u00e4digt ist oder Teile fehlen, aus Gr\u00fcnden, die nicht auf unseren Fehler zur\u00fcckzuf\u00fchren sind.<\/li>\n\n\n\n<li>Alle Artikel, die mehr als 30 Tage nach Lieferung zur\u00fcckgesandt werden<\/li>\n<\/ul>\n\n<p><\/p><h2>Refunds<\/h2>\n\n<p>Sobald Ihre R\u00fccksendung eingegangen und gepr\u00fcft ist, senden wir Ihnen eine E-Mail, um Sie dar\u00fcber zu informieren, dass wir Ihre R\u00fccksendung erhalten haben. Wir werden Sie auch \u00fcber die Genehmigung oder Ablehnung Ihrer R\u00fcckerstattung informieren.<\/p>\n\n<p>Wenn Sie genehmigt werden, wird Ihre R\u00fcckerstattung bearbeitet und innerhalb einer bestimmten Anzahl von Tagen wird automatisch eine Gutschrift auf Ihre Kreditkarte oder Ihre urspr\u00fcngliche Zahlungsmethode angewendet.<\/p>\n\n<p><b>Versp\u00e4tete oder fehlende R\u00fcckerstattungen<\/b><\/p>\n\n<p>If you haven\u2019t received a refund yet, first check your bank account again.<\/p>\n\n<p>Wenden Sie sich dann an Ihr Kreditkartenunternehmen. Es kann einige Zeit dauern, bis Ihre R\u00fcckerstattung offiziell gebucht wird.<\/p>\n\n<p>Wenden Sie sich als n\u00e4chstes an Ihre Bank. Es gibt oft eine gewisse Bearbeitungszeit, bevor eine R\u00fcckerstattung gebucht wird.<\/p>\n\n<p>Wenn Sie all dies getan haben und Ihre R\u00fcckerstattung noch nicht erhalten haben, kontaktieren Sie uns bitte unter info(at)craftstrom.com.<\/p>\n\n<p><b>Produkte im Abverkauf<\/b><\/p>\n\n<p>Es k\u00f6nnen nur Artikel zum regul\u00e4ren Preis erstattet werden. Verkaufsartikel k\u00f6nnen nicht erstattet werden.<\/p>\n\n<p><\/p><h2>Exchanges<\/h2>\n\n<p>Wir ersetzen Artikel nur, wenn sie defekt oder besch\u00e4digt sind. Wenn Sie gegen denselben Artikel umtauschen m\u00fcssen, senden Sie uns eine E-Mail an info(at)craftstrom.com und senden Sie Ihren Artikel an die Adresse, die in Ihrer Mitteilung mit uns angegeben ist.<\/p>\n\n<p><\/p><h2>Gifts<\/h2>\n\n<p>Wenn der Artikel beim Kauf als Geschenk gekennzeichnet und direkt an Sie versendet wurde, erhalten Sie eine Geschenkgutschrift f\u00fcr den Wert Ihrer R\u00fccksendung. Sobald der zur\u00fcckgegebene Artikel eingegangen ist, wird Ihnen ein Geschenkgutschein zugesandt.<\/p>\n\n<p>Wenn der Artikel beim Kauf nicht als Geschenk gekennzeichnet war oder der Geschenkgeber die Bestellung an sich selbst versenden lie\u00df, um sie Ihnen sp\u00e4ter zu geben, senden wir eine R\u00fcckerstattung an den Geschenkgeber und er wird sich \u00fcber Ihre R\u00fccksendung informieren.<\/p>\n\n<p><\/p><h2>Shipping returns<\/h2>\n\n<p>Um Ihr Produkt zur\u00fcckzusenden, sollten Sie uns eine E-Mail an info(at)craftstrom.com senden und wir werden Ihnen die richtige Adresse mitteilen.<\/p>\n\n<p>Sie sind f\u00fcr die Zahlung Ihrer eigenen Versandkosten f\u00fcr die R\u00fccksendung Ihres Artikels verantwortlich. Versandkosten sind nicht erstattungsf\u00e4hig. Wenn Sie eine R\u00fcckerstattung erhalten, werden die Kosten f\u00fcr die R\u00fccksendung von Ihrer R\u00fcckerstattung abgezogen.<\/p>\n\n<p>Abh\u00e4ngig von Ihrem Wohnort kann es unterschiedlich lange dauern, bis Ihr umgetauschtes Produkt Sie erreicht.<\/p>\n\n<p>Wenn Sie teurere Artikel zur\u00fccksenden, k\u00f6nnen Sie einen nachverfolgbaren Versandservice in Anspruch nehmen oder eine Versandversicherung abschlie\u00dfen. Wir garantieren nicht, dass wir Ihren zur\u00fcckgegebenen Artikel erhalten.<\/p>\n\n<p><\/p><h2>Need help?<\/h2>\n\n<p>Kontaktieren Sie uns unter info(at)craftstrom.com f\u00fcr Fragen zu R\u00fcckerstattungen und R\u00fccksendungen.<\/p>\n","protected":false},"excerpt":{"rendered":"<p>Overview Unsere R\u00fcckerstattungs- und R\u00fcckgaberichtlinie dauert 30 Tage. Wenn seit Ihrem Kauf 30 Tage vergangen sind, k\u00f6nnen wir Ihnen keine vollst\u00e4ndige R\u00fcckerstattung oder Umtausch anbieten. Um f\u00fcr eine R\u00fccksendung in Frage zu kommen, muss Ihr Artikel unbenutzt und in demselben Zustand sein, in dem Sie ihn erhalten haben. Es muss sich auch in der Originalverpackung befinden. Um Ihre R\u00fccksendung abzuschlie\u00dfen, &#8230;<\/p>\n","protected":false},"author":1,"featured_media":0,"parent":0,"menu_order":0,"comment_status":"closed","ping_status":"closed","template":"","meta":{"_acf_changed":false,"footnotes":""},"class_list":["post-2474","page","type-page","status-publish","hentry"],"acf":[],"yoast_head":"<!-- This site is optimized with the Yoast SEO Premium plugin v26.9 (Yoast SEO v26.9) - https:\/\/yoast.com\/product\/yoast-seo-premium-wordpress\/ -->\n<title>R\u00fcckerstattungs- und R\u00fcckgaberecht - Craftstrom Solar<\/title>\n<meta name=\"robots\" content=\"index, follow, max-snippet:-1, max-image-preview:large, max-video-preview:-1\" \/>\n<link rel=\"canonical\" href=\"https:\/\/craftstrom.com\/de\/rueckerstattungs-und-rueckgaberecht\/\" \/>\n<meta property=\"og:locale\" content=\"de_DE\" \/>\n<meta property=\"og:type\" content=\"article\" \/>\n<meta property=\"og:title\" content=\"R\u00fcckerstattungs- und R\u00fcckgaberecht\" \/>\n<meta property=\"og:description\" content=\"Overview Unsere R\u00fcckerstattungs- und R\u00fcckgaberichtlinie dauert 30 Tage. Wenn seit Ihrem Kauf 30 Tage vergangen sind, k\u00f6nnen wir Ihnen keine vollst\u00e4ndige R\u00fcckerstattung oder Umtausch anbieten. Um f\u00fcr eine R\u00fccksendung in Frage zu kommen, muss Ihr Artikel unbenutzt und in demselben Zustand sein, in dem Sie ihn erhalten haben. Es muss sich auch in der Originalverpackung befinden. Um Ihre R\u00fccksendung abzuschlie\u00dfen, ...\" \/>\n<meta property=\"og:url\" content=\"https:\/\/craftstrom.com\/de\/rueckerstattungs-und-rueckgaberecht\/\" \/>\n<meta property=\"og:site_name\" content=\"Craftstrom Solar\" \/>\n<meta property=\"article:publisher\" content=\"https:\/\/www.facebook.com\/craftstrom\/\" \/>\n<meta property=\"article:modified_time\" content=\"2022-12-06T18:09:26+00:00\" \/>\n<meta name=\"twitter:card\" content=\"summary_large_image\" \/>\n<meta name=\"twitter:label1\" content=\"Gesch\u00e4tzte Lesezeit\" \/>\n\t<meta name=\"twitter:data1\" content=\"3\u00a0Minuten\" \/>\n<script type=\"application\/ld+json\" class=\"yoast-schema-graph\">{\"@context\":\"https:\/\/schema.org\",\"@graph\":[{\"@type\":\"WebPage\",\"@id\":\"https:\/\/craftstrom.com\/de\/rueckerstattungs-und-rueckgaberecht\/\",\"url\":\"https:\/\/craftstrom.com\/de\/rueckerstattungs-und-rueckgaberecht\/\",\"name\":\"R\u00fcckerstattungs- und R\u00fcckgaberecht - Craftstrom Solar\",\"isPartOf\":{\"@id\":\"https:\/\/craftstrom.com\/de\/#website\"},\"datePublished\":\"2022-12-06T16:55:40+00:00\",\"dateModified\":\"2022-12-06T18:09:26+00:00\",\"breadcrumb\":{\"@id\":\"https:\/\/craftstrom.com\/de\/rueckerstattungs-und-rueckgaberecht\/#breadcrumb\"},\"inLanguage\":\"de\",\"potentialAction\":[{\"@type\":\"ReadAction\",\"target\":[\"https:\/\/craftstrom.com\/de\/rueckerstattungs-und-rueckgaberecht\/\"]}]},{\"@type\":\"BreadcrumbList\",\"@id\":\"https:\/\/craftstrom.com\/de\/rueckerstattungs-und-rueckgaberecht\/#breadcrumb\",\"itemListElement\":[{\"@type\":\"ListItem\",\"position\":1,\"name\":\"Home\",\"item\":\"https:\/\/craftstrom.com\/de\/\"},{\"@type\":\"ListItem\",\"position\":2,\"name\":\"R\u00fcckerstattungs- und R\u00fcckgaberecht\"}]},{\"@type\":\"WebSite\",\"@id\":\"https:\/\/craftstrom.com\/de\/#website\",\"url\":\"https:\/\/craftstrom.com\/de\/\",\"name\":\"Craftstrom Solar\",\"description\":\"The Future of Plug and Play Solar\",\"publisher\":{\"@id\":\"https:\/\/craftstrom.com\/de\/#organization\"},\"potentialAction\":[{\"@type\":\"SearchAction\",\"target\":{\"@type\":\"EntryPoint\",\"urlTemplate\":\"https:\/\/craftstrom.com\/de\/?s={search_term_string}\"},\"query-input\":{\"@type\":\"PropertyValueSpecification\",\"valueRequired\":true,\"valueName\":\"search_term_string\"}}],\"inLanguage\":\"de\"},{\"@type\":\"Organization\",\"@id\":\"https:\/\/craftstrom.com\/de\/#organization\",\"name\":\"Craftstrom\",\"url\":\"https:\/\/craftstrom.com\/de\/\",\"logo\":{\"@type\":\"ImageObject\",\"inLanguage\":\"de\",\"@id\":\"https:\/\/craftstrom.com\/de\/#\/schema\/logo\/image\/\",\"url\":\"http:\/\/craftstrom.com\/wp-content\/uploads\/2022\/12\/logo.jpg\",\"contentUrl\":\"http:\/\/craftstrom.com\/wp-content\/uploads\/2022\/12\/logo.jpg\",\"width\":612,\"height\":231,\"caption\":\"Craftstrom\"},\"image\":{\"@id\":\"https:\/\/craftstrom.com\/de\/#\/schema\/logo\/image\/\"},\"sameAs\":[\"https:\/\/www.facebook.com\/craftstrom\/\",\"https:\/\/www.instagram.com\/craftstrom\/?hl=en\"]}]}<\/script>\n<!-- \/ Yoast SEO Premium plugin. -->","yoast_head_json":{"title":"R\u00fcckerstattungs- und R\u00fcckgaberecht - Craftstrom Solar","robots":{"index":"index","follow":"follow","max-snippet":"max-snippet:-1","max-image-preview":"max-image-preview:large","max-video-preview":"max-video-preview:-1"},"canonical":"https:\/\/craftstrom.com\/de\/rueckerstattungs-und-rueckgaberecht\/","og_locale":"de_DE","og_type":"article","og_title":"R\u00fcckerstattungs- und R\u00fcckgaberecht","og_description":"Overview Unsere R\u00fcckerstattungs- und R\u00fcckgaberichtlinie dauert 30 Tage. Wenn seit Ihrem Kauf 30 Tage vergangen sind, k\u00f6nnen wir Ihnen keine vollst\u00e4ndige R\u00fcckerstattung oder Umtausch anbieten. Um f\u00fcr eine R\u00fccksendung in Frage zu kommen, muss Ihr Artikel unbenutzt und in demselben Zustand sein, in dem Sie ihn erhalten haben. Es muss sich auch in der Originalverpackung befinden. Um Ihre R\u00fccksendung abzuschlie\u00dfen, ...","og_url":"https:\/\/craftstrom.com\/de\/rueckerstattungs-und-rueckgaberecht\/","og_site_name":"Craftstrom Solar","article_publisher":"https:\/\/www.facebook.com\/craftstrom\/","article_modified_time":"2022-12-06T18:09:26+00:00","twitter_card":"summary_large_image","twitter_misc":{"Gesch\u00e4tzte Lesezeit":"3\u00a0Minuten"},"schema":{"@context":"https:\/\/schema.org","@graph":[{"@type":"WebPage","@id":"https:\/\/craftstrom.com\/de\/rueckerstattungs-und-rueckgaberecht\/","url":"https:\/\/craftstrom.com\/de\/rueckerstattungs-und-rueckgaberecht\/","name":"R\u00fcckerstattungs- und R\u00fcckgaberecht - Craftstrom Solar","isPartOf":{"@id":"https:\/\/craftstrom.com\/de\/#website"},"datePublished":"2022-12-06T16:55:40+00:00","dateModified":"2022-12-06T18:09:26+00:00","breadcrumb":{"@id":"https:\/\/craftstrom.com\/de\/rueckerstattungs-und-rueckgaberecht\/#breadcrumb"},"inLanguage":"de","potentialAction":[{"@type":"ReadAction","target":["https:\/\/craftstrom.com\/de\/rueckerstattungs-und-rueckgaberecht\/"]}]},{"@type":"BreadcrumbList","@id":"https:\/\/craftstrom.com\/de\/rueckerstattungs-und-rueckgaberecht\/#breadcrumb","itemListElement":[{"@type":"ListItem","position":1,"name":"Home","item":"https:\/\/craftstrom.com\/de\/"},{"@type":"ListItem","position":2,"name":"R\u00fcckerstattungs- und R\u00fcckgaberecht"}]},{"@type":"WebSite","@id":"https:\/\/craftstrom.com\/de\/#website","url":"https:\/\/craftstrom.com\/de\/","name":"Craftstrom Solar","description":"The Future of Plug and Play Solar","publisher":{"@id":"https:\/\/craftstrom.com\/de\/#organization"},"potentialAction":[{"@type":"SearchAction","target":{"@type":"EntryPoint","urlTemplate":"https:\/\/craftstrom.com\/de\/?s={search_term_string}"},"query-input":{"@type":"PropertyValueSpecification","valueRequired":true,"valueName":"search_term_string"}}],"inLanguage":"de"},{"@type":"Organization","@id":"https:\/\/craftstrom.com\/de\/#organization","name":"Craftstrom","url":"https:\/\/craftstrom.com\/de\/","logo":{"@type":"ImageObject","inLanguage":"de","@id":"https:\/\/craftstrom.com\/de\/#\/schema\/logo\/image\/","url":"http:\/\/craftstrom.com\/wp-content\/uploads\/2022\/12\/logo.jpg","contentUrl":"http:\/\/craftstrom.com\/wp-content\/uploads\/2022\/12\/logo.jpg","width":612,"height":231,"caption":"Craftstrom"},"image":{"@id":"https:\/\/craftstrom.com\/de\/#\/schema\/logo\/image\/"},"sameAs":["https:\/\/www.facebook.com\/craftstrom\/","https:\/\/www.instagram.com\/craftstrom\/?hl=en"]}]}},"jetpack_sharing_enabled":true,"_links":{"self":[{"href":"https:\/\/craftstrom.com\/de\/wp-json\/wp\/v2\/pages\/2474","targetHints":{"allow":["GET"]}}],"collection":[{"href":"https:\/\/craftstrom.com\/de\/wp-json\/wp\/v2\/pages"}],"about":[{"href":"https:\/\/craftstrom.com\/de\/wp-json\/wp\/v2\/types\/page"}],"author":[{"embeddable":true,"href":"https:\/\/craftstrom.com\/de\/wp-json\/wp\/v2\/users\/1"}],"replies":[{"embeddable":true,"href":"https:\/\/craftstrom.com\/de\/wp-json\/wp\/v2\/comments?post=2474"}],"version-history":[{"count":0,"href":"https:\/\/craftstrom.com\/de\/wp-json\/wp\/v2\/pages\/2474\/revisions"}],"wp:attachment":[{"href":"https:\/\/craftstrom.com\/de\/wp-json\/wp\/v2\/media?parent=2474"}],"curies":[{"name":"wp","href":"https:\/\/api.w.org\/{rel}","templated":true}]}}