{"id":2486,"date":"2022-12-06T18:51:19","date_gmt":"2022-12-06T18:51:19","guid":{"rendered":"https:\/\/craftstrom.local\/?page_id=2486"},"modified":"2022-12-06T18:51:40","modified_gmt":"2022-12-06T18:51:40","slug":"cookie-richtlinien","status":"publish","type":"page","link":"https:\/\/craftstrom.com\/de\/cookie-richtlinien\/","title":{"rendered":"Cookie Richtlinien"},"content":{"rendered":"\n<h4 class=\"wp-block-heading\">Informationen \u00fcber unsere Verwendung von Cookies<\/h4>\n\n\n\n<p>Unsere Website verwendet Cookies, um Sie von anderen Benutzern unserer Website zu unterscheiden. Dies hilft uns, Ihnen beim Surfen auf unserer Website eine gute Erfahrung zu bieten, und erm\u00f6glicht uns auch, unsere Website zu verbessern. Indem Sie die Website weiter durchsuchen, stimmen Sie der Verwendung von Cookies zu.&nbsp;<\/p>\n\n\n\n<p>Ein Cookie ist eine kleine Datei aus Buchstaben und Zahlen, die wir in Ihrem Browser oder auf der Festplatte Ihres Computers speichern, wenn Sie damit einverstanden sind. Cookies enthalten Informationen, die auf die Festplatte Ihres Computers \u00fcbertragen werden.&nbsp;<\/p>\n\n\n\n<p>Wir verwenden die folgenden Cookies:&nbsp;<\/p>\n\n\n\n<ul class=\"wp-block-list\">\n<li><strong>Unbedingt erforderliche Cookies.<\/strong>&nbsp;Dies sind Cookies, die f\u00fcr den Betrieb unserer Website erforderlich sind. Dazu geh\u00f6ren beispielsweise Cookies, die es Ihnen erm\u00f6glichen, sich in sichere Bereiche unserer Website einzuloggen, einen Warenkorb zu verwenden oder elektronische Rechnungsstellungsdienste zu nutzen.&nbsp;<\/li>\n\n\n\n<li><strong>Analyse-\/Leistungs-Cookies.<\/strong>&nbsp;Sie erm\u00f6glichen es uns, die Anzahl der Besucher zu erkennen und zu z\u00e4hlen und zu sehen, wie sich Besucher auf unserer Website bewegen, wenn sie sie nutzen. Dies hilft uns, die Funktionsweise unserer Website zu verbessern, indem wir beispielsweise sicherstellen, dass Benutzer leicht finden, wonach sie suchen.&nbsp;<\/li>\n\n\n\n<li><strong>Funktionalit\u00e4ts-Cookies<\/strong>. Diese dienen dazu, Sie wiederzuerkennen, wenn Sie auf unsere Website zur\u00fcckkehren. Dies erm\u00f6glicht es uns, unsere Inhalte f\u00fcr Sie zu personalisieren, Sie mit Namen zu begr\u00fc\u00dfen und sich an Ihre Pr\u00e4ferenzen zu erinnern (z. B. Ihre Sprach- oder Regionswahl).&nbsp;<\/li>\n\n\n\n<li><strong>Targeting-Cookies.<\/strong>&nbsp;Diese Cookies erfassen Ihren Besuch auf unserer Website, die von Ihnen besuchten Seiten und die Links, denen Sie gefolgt sind. Wir verwenden diese Informationen, um unsere Website und die darauf angezeigte Werbung f\u00fcr Ihre Interessen relevanter zu gestalten. Wir k\u00f6nnen diese Informationen zu diesem Zweck auch an Dritte weitergeben.&nbsp;<\/li>\n<\/ul>\n\n\n\n<p>&nbsp;Bitte beachten Sie, dass Dritte (einschlie\u00dflich beispielsweise Werbenetzwerke und Anbieter externer Dienste wie Webverkehrsanalysedienste) ebenfalls Cookies verwenden k\u00f6nnen, \u00fcber die wir keine Kontrolle haben. Bei diesen Cookies handelt es sich wahrscheinlich um Analyse-\/Performance-Cookies oder Targeting-Cookies.<\/p>\n\n\n\n<p>Sie blockieren Cookies, indem Sie die Einstellung in Ihrem Browser aktivieren, die es Ihnen erm\u00f6glicht, das Setzen aller oder einiger Cookies abzulehnen. Wenn Sie jedoch Ihre Browsereinstellungen verwenden, um alle Cookies (einschlie\u00dflich wesentlicher Cookies) zu blockieren, k\u00f6nnen Sie m\u00f6glicherweise nicht auf alle oder Teile unserer Website zugreifen.<\/p>\n\n\n\n<pre class=\"wp-block-verse\">Stand: November 2022<\/pre>\n","protected":false},"excerpt":{"rendered":"<p>Informationen \u00fcber unsere Verwendung von Cookies Unsere Website verwendet Cookies, um Sie von anderen Benutzern unserer Website zu unterscheiden. Dies hilft uns, Ihnen beim Surfen auf unserer Website eine gute Erfahrung zu bieten, und erm\u00f6glicht uns auch, unsere Website zu verbessern. Indem Sie die Website weiter durchsuchen, stimmen Sie der Verwendung von Cookies zu.&nbsp; Ein Cookie ist eine kleine Datei &#8230;<\/p>\n","protected":false},"author":1,"featured_media":0,"parent":0,"menu_order":0,"comment_status":"closed","ping_status":"closed","template":"","meta":{"_acf_changed":false,"footnotes":""},"class_list":["post-2486","page","type-page","status-publish","hentry"],"acf":[],"yoast_head":"<!-- This site is optimized with the Yoast SEO Premium plugin v26.9 (Yoast SEO v26.9) - https:\/\/yoast.com\/product\/yoast-seo-premium-wordpress\/ -->\n<title>Cookie Richtlinien - Craftstrom Solar<\/title>\n<meta name=\"robots\" content=\"index, follow, max-snippet:-1, max-image-preview:large, max-video-preview:-1\" \/>\n<link rel=\"canonical\" href=\"https:\/\/craftstrom.com\/de\/cookie-richtlinien\/\" \/>\n<meta property=\"og:locale\" content=\"de_DE\" \/>\n<meta property=\"og:type\" content=\"article\" \/>\n<meta property=\"og:title\" content=\"Cookie Richtlinien\" \/>\n<meta property=\"og:description\" content=\"Informationen \u00fcber unsere Verwendung von Cookies Unsere Website verwendet Cookies, um Sie von anderen Benutzern unserer Website zu unterscheiden. Dies hilft uns, Ihnen beim Surfen auf unserer Website eine gute Erfahrung zu bieten, und erm\u00f6glicht uns auch, unsere Website zu verbessern. Indem Sie die Website weiter durchsuchen, stimmen Sie der Verwendung von Cookies zu.&nbsp; Ein Cookie ist eine kleine Datei ...\" \/>\n<meta property=\"og:url\" content=\"https:\/\/craftstrom.com\/de\/cookie-richtlinien\/\" \/>\n<meta property=\"og:site_name\" content=\"Craftstrom Solar\" \/>\n<meta property=\"article:publisher\" content=\"https:\/\/www.facebook.com\/craftstrom\/\" \/>\n<meta property=\"article:modified_time\" content=\"2022-12-06T18:51:40+00:00\" \/>\n<meta name=\"twitter:card\" content=\"summary_large_image\" \/>\n<meta name=\"twitter:label1\" content=\"Gesch\u00e4tzte Lesezeit\" \/>\n\t<meta name=\"twitter:data1\" content=\"2\u00a0Minuten\" \/>\n<script type=\"application\/ld+json\" class=\"yoast-schema-graph\">{\"@context\":\"https:\/\/schema.org\",\"@graph\":[{\"@type\":\"WebPage\",\"@id\":\"https:\/\/craftstrom.com\/de\/cookie-richtlinien\/\",\"url\":\"https:\/\/craftstrom.com\/de\/cookie-richtlinien\/\",\"name\":\"Cookie Richtlinien - Craftstrom Solar\",\"isPartOf\":{\"@id\":\"https:\/\/craftstrom.com\/de\/#website\"},\"datePublished\":\"2022-12-06T18:51:19+00:00\",\"dateModified\":\"2022-12-06T18:51:40+00:00\",\"breadcrumb\":{\"@id\":\"https:\/\/craftstrom.com\/de\/cookie-richtlinien\/#breadcrumb\"},\"inLanguage\":\"de\",\"potentialAction\":[{\"@type\":\"ReadAction\",\"target\":[\"https:\/\/craftstrom.com\/de\/cookie-richtlinien\/\"]}]},{\"@type\":\"BreadcrumbList\",\"@id\":\"https:\/\/craftstrom.com\/de\/cookie-richtlinien\/#breadcrumb\",\"itemListElement\":[{\"@type\":\"ListItem\",\"position\":1,\"name\":\"Home\",\"item\":\"https:\/\/craftstrom.com\/de\/\"},{\"@type\":\"ListItem\",\"position\":2,\"name\":\"Cookie Richtlinien\"}]},{\"@type\":\"WebSite\",\"@id\":\"https:\/\/craftstrom.com\/de\/#website\",\"url\":\"https:\/\/craftstrom.com\/de\/\",\"name\":\"Craftstrom Solar\",\"description\":\"The Future of Plug and Play Solar\",\"publisher\":{\"@id\":\"https:\/\/craftstrom.com\/de\/#organization\"},\"potentialAction\":[{\"@type\":\"SearchAction\",\"target\":{\"@type\":\"EntryPoint\",\"urlTemplate\":\"https:\/\/craftstrom.com\/de\/?s={search_term_string}\"},\"query-input\":{\"@type\":\"PropertyValueSpecification\",\"valueRequired\":true,\"valueName\":\"search_term_string\"}}],\"inLanguage\":\"de\"},{\"@type\":\"Organization\",\"@id\":\"https:\/\/craftstrom.com\/de\/#organization\",\"name\":\"Craftstrom\",\"url\":\"https:\/\/craftstrom.com\/de\/\",\"logo\":{\"@type\":\"ImageObject\",\"inLanguage\":\"de\",\"@id\":\"https:\/\/craftstrom.com\/de\/#\/schema\/logo\/image\/\",\"url\":\"http:\/\/craftstrom.com\/wp-content\/uploads\/2022\/12\/logo.jpg\",\"contentUrl\":\"http:\/\/craftstrom.com\/wp-content\/uploads\/2022\/12\/logo.jpg\",\"width\":612,\"height\":231,\"caption\":\"Craftstrom\"},\"image\":{\"@id\":\"https:\/\/craftstrom.com\/de\/#\/schema\/logo\/image\/\"},\"sameAs\":[\"https:\/\/www.facebook.com\/craftstrom\/\",\"https:\/\/www.instagram.com\/craftstrom\/?hl=en\"]}]}<\/script>\n<!-- \/ Yoast SEO Premium plugin. -->","yoast_head_json":{"title":"Cookie Richtlinien - Craftstrom Solar","robots":{"index":"index","follow":"follow","max-snippet":"max-snippet:-1","max-image-preview":"max-image-preview:large","max-video-preview":"max-video-preview:-1"},"canonical":"https:\/\/craftstrom.com\/de\/cookie-richtlinien\/","og_locale":"de_DE","og_type":"article","og_title":"Cookie Richtlinien","og_description":"Informationen \u00fcber unsere Verwendung von Cookies Unsere Website verwendet Cookies, um Sie von anderen Benutzern unserer Website zu unterscheiden. Dies hilft uns, Ihnen beim Surfen auf unserer Website eine gute Erfahrung zu bieten, und erm\u00f6glicht uns auch, unsere Website zu verbessern. Indem Sie die Website weiter durchsuchen, stimmen Sie der Verwendung von Cookies zu.&nbsp; Ein Cookie ist eine kleine Datei ...","og_url":"https:\/\/craftstrom.com\/de\/cookie-richtlinien\/","og_site_name":"Craftstrom Solar","article_publisher":"https:\/\/www.facebook.com\/craftstrom\/","article_modified_time":"2022-12-06T18:51:40+00:00","twitter_card":"summary_large_image","twitter_misc":{"Gesch\u00e4tzte Lesezeit":"2\u00a0Minuten"},"schema":{"@context":"https:\/\/schema.org","@graph":[{"@type":"WebPage","@id":"https:\/\/craftstrom.com\/de\/cookie-richtlinien\/","url":"https:\/\/craftstrom.com\/de\/cookie-richtlinien\/","name":"Cookie Richtlinien - Craftstrom Solar","isPartOf":{"@id":"https:\/\/craftstrom.com\/de\/#website"},"datePublished":"2022-12-06T18:51:19+00:00","dateModified":"2022-12-06T18:51:40+00:00","breadcrumb":{"@id":"https:\/\/craftstrom.com\/de\/cookie-richtlinien\/#breadcrumb"},"inLanguage":"de","potentialAction":[{"@type":"ReadAction","target":["https:\/\/craftstrom.com\/de\/cookie-richtlinien\/"]}]},{"@type":"BreadcrumbList","@id":"https:\/\/craftstrom.com\/de\/cookie-richtlinien\/#breadcrumb","itemListElement":[{"@type":"ListItem","position":1,"name":"Home","item":"https:\/\/craftstrom.com\/de\/"},{"@type":"ListItem","position":2,"name":"Cookie Richtlinien"}]},{"@type":"WebSite","@id":"https:\/\/craftstrom.com\/de\/#website","url":"https:\/\/craftstrom.com\/de\/","name":"Craftstrom Solar","description":"The Future of Plug and Play Solar","publisher":{"@id":"https:\/\/craftstrom.com\/de\/#organization"},"potentialAction":[{"@type":"SearchAction","target":{"@type":"EntryPoint","urlTemplate":"https:\/\/craftstrom.com\/de\/?s={search_term_string}"},"query-input":{"@type":"PropertyValueSpecification","valueRequired":true,"valueName":"search_term_string"}}],"inLanguage":"de"},{"@type":"Organization","@id":"https:\/\/craftstrom.com\/de\/#organization","name":"Craftstrom","url":"https:\/\/craftstrom.com\/de\/","logo":{"@type":"ImageObject","inLanguage":"de","@id":"https:\/\/craftstrom.com\/de\/#\/schema\/logo\/image\/","url":"http:\/\/craftstrom.com\/wp-content\/uploads\/2022\/12\/logo.jpg","contentUrl":"http:\/\/craftstrom.com\/wp-content\/uploads\/2022\/12\/logo.jpg","width":612,"height":231,"caption":"Craftstrom"},"image":{"@id":"https:\/\/craftstrom.com\/de\/#\/schema\/logo\/image\/"},"sameAs":["https:\/\/www.facebook.com\/craftstrom\/","https:\/\/www.instagram.com\/craftstrom\/?hl=en"]}]}},"jetpack_sharing_enabled":true,"_links":{"self":[{"href":"https:\/\/craftstrom.com\/de\/wp-json\/wp\/v2\/pages\/2486","targetHints":{"allow":["GET"]}}],"collection":[{"href":"https:\/\/craftstrom.com\/de\/wp-json\/wp\/v2\/pages"}],"about":[{"href":"https:\/\/craftstrom.com\/de\/wp-json\/wp\/v2\/types\/page"}],"author":[{"embeddable":true,"href":"https:\/\/craftstrom.com\/de\/wp-json\/wp\/v2\/users\/1"}],"replies":[{"embeddable":true,"href":"https:\/\/craftstrom.com\/de\/wp-json\/wp\/v2\/comments?post=2486"}],"version-history":[{"count":0,"href":"https:\/\/craftstrom.com\/de\/wp-json\/wp\/v2\/pages\/2486\/revisions"}],"wp:attachment":[{"href":"https:\/\/craftstrom.com\/de\/wp-json\/wp\/v2\/media?parent=2486"}],"curies":[{"name":"wp","href":"https:\/\/api.w.org\/{rel}","templated":true}]}}