{"id":2405,"date":"2022-10-09T12:13:45","date_gmt":"2022-10-09T12:13:45","guid":{"rendered":"https:\/\/craftstrom.local\/product\/safety-gate-adapter\/"},"modified":"2023-05-09T21:43:29","modified_gmt":"2023-05-09T21:43:29","slug":"safety-gate-adapter","status":"publish","type":"product","link":"https:\/\/craftstrom.com\/de\/produkt\/safety-gate-adapter\/","title":{"rendered":"Safety Gate Adapter"},"content":{"rendered":"<p>Wir haben den Safety Gate Adapter als Sicherheitsmerkmal entwickelt, um die NEC-Vorschriften der U.S.A. einzuhalten. In den USA vorgeschrieben, ist es eine intelligente Sicherung, mit der Du vor allem unsere gr\u00f6\u00dferen Smart Solar Sets (&gt; 800W, soweit nicht reguliert) an jede Standardsteckdose anschlie\u00dfen kannst.<br \/>\nR\u00fcste jedes vorhandene Plug&amp;Play-Solarset mit dieser Sicherheitsvorrichtung auf!<br \/>\nKommt mit allen Netzsteckertypen.<\/p>\n<p><a href=\"http:\/\/craftstrom.com\/wp-content\/uploads\/2022\/10\/Safety-Gate-Adapter-Manualsmall01small.jpg\">http:\/\/craftstrom.com\/wp-content\/uploads\/2022\/10\/Safety-Gate-Adapter-Manualsmall01small.jpg<\/a><\/p>\n","protected":false},"excerpt":{"rendered":"<p>Der Safety Gate Adapter, den wir Ruth nennen, ist eine patentierte Technologie, um sicherzustellen, dass unsere Produkte Plug-and-Play-f\u00e4hig und dennoch sicher gem\u00e4\u00df dem National Electric Code in den USA sind. Es funktioniert \u00e4hnlich wie eine Sicherung in Deinem Heim, wird jedoch vor unseren Produkten in die Steckdose eingesteckt.<\/p>\n","protected":false},"featured_media":2372,"comment_status":"closed","ping_status":"closed","template":"","meta":{"_acf_changed":false},"product_brand":[],"product_cat":[],"product_tag":[],"class_list":{"0":"post-2405","1":"product","2":"type-product","3":"status-publish","4":"has-post-thumbnail","7":"first","8":"instock","9":"taxable","10":"shipping-taxable","11":"purchasable","12":"product-type-simple"},"acf":[],"yoast_head":"<!-- This site is optimized with the Yoast SEO Premium plugin v26.9 (Yoast SEO v26.9) - https:\/\/yoast.com\/product\/yoast-seo-premium-wordpress\/ -->\n<title>Safety Gate Adapter - Craftstrom Solar<\/title>\n<meta name=\"robots\" content=\"index, follow, max-snippet:-1, max-image-preview:large, max-video-preview:-1\" \/>\n<link rel=\"canonical\" href=\"https:\/\/craftstrom.com\/de\/produkt\/safety-gate-adapter\/\" \/>\n<meta property=\"og:locale\" content=\"de_DE\" \/>\n<meta property=\"og:type\" content=\"article\" \/>\n<meta property=\"og:title\" content=\"Safety Gate Adapter\" \/>\n<meta property=\"og:description\" content=\"Der Safety Gate Adapter, den wir Ruth nennen, ist eine patentierte Technologie, um sicherzustellen, dass unsere Produkte Plug-and-Play-f\u00e4hig und dennoch sicher gem\u00e4\u00df dem National Electric Code in den USA sind. Es funktioniert \u00e4hnlich wie eine Sicherung in Deinem Heim, wird jedoch vor unseren Produkten in die Steckdose eingesteckt.\" \/>\n<meta property=\"og:url\" content=\"https:\/\/craftstrom.com\/de\/produkt\/safety-gate-adapter\/\" \/>\n<meta property=\"og:site_name\" content=\"Craftstrom Solar\" \/>\n<meta property=\"article:publisher\" content=\"https:\/\/www.facebook.com\/craftstrom\/\" \/>\n<meta property=\"article:modified_time\" content=\"2023-05-09T21:43:29+00:00\" \/>\n<meta property=\"og:image\" content=\"https:\/\/craftstrom.com\/wp-content\/uploads\/2022\/10\/safety-gate-adapter-white-background.png\" \/>\n\t<meta property=\"og:image:width\" content=\"1070\" \/>\n\t<meta property=\"og:image:height\" content=\"824\" \/>\n\t<meta property=\"og:image:type\" content=\"image\/png\" \/>\n<meta name=\"twitter:card\" content=\"summary_large_image\" \/>\n<script type=\"application\/ld+json\" class=\"yoast-schema-graph\">{\"@context\":\"https:\/\/schema.org\",\"@graph\":[{\"@type\":\"WebPage\",\"@id\":\"https:\/\/craftstrom.com\/de\/produkt\/safety-gate-adapter\/\",\"url\":\"https:\/\/craftstrom.com\/de\/produkt\/safety-gate-adapter\/\",\"name\":\"Safety Gate Adapter - Craftstrom Solar\",\"isPartOf\":{\"@id\":\"https:\/\/craftstrom.com\/de\/#website\"},\"primaryImageOfPage\":{\"@id\":\"https:\/\/craftstrom.com\/de\/produkt\/safety-gate-adapter\/#primaryimage\"},\"image\":{\"@id\":\"https:\/\/craftstrom.com\/de\/produkt\/safety-gate-adapter\/#primaryimage\"},\"thumbnailUrl\":\"https:\/\/craftstrom.com\/wp-content\/uploads\/2022\/10\/safety-gate-adapter-white-background.png\",\"datePublished\":\"2022-10-09T12:13:45+00:00\",\"dateModified\":\"2023-05-09T21:43:29+00:00\",\"breadcrumb\":{\"@id\":\"https:\/\/craftstrom.com\/de\/produkt\/safety-gate-adapter\/#breadcrumb\"},\"inLanguage\":\"de\",\"potentialAction\":[{\"@type\":\"ReadAction\",\"target\":[\"https:\/\/craftstrom.com\/de\/produkt\/safety-gate-adapter\/\"]}]},{\"@type\":\"ImageObject\",\"inLanguage\":\"de\",\"@id\":\"https:\/\/craftstrom.com\/de\/produkt\/safety-gate-adapter\/#primaryimage\",\"url\":\"https:\/\/craftstrom.com\/wp-content\/uploads\/2022\/10\/safety-gate-adapter-white-background.png\",\"contentUrl\":\"https:\/\/craftstrom.com\/wp-content\/uploads\/2022\/10\/safety-gate-adapter-white-background.png\",\"width\":1070,\"height\":824},{\"@type\":\"BreadcrumbList\",\"@id\":\"https:\/\/craftstrom.com\/de\/produkt\/safety-gate-adapter\/#breadcrumb\",\"itemListElement\":[{\"@type\":\"ListItem\",\"position\":1,\"name\":\"Home\",\"item\":\"https:\/\/craftstrom.com\/de\/\"},{\"@type\":\"ListItem\",\"position\":2,\"name\":\"Shop\",\"item\":\"https:\/\/craftstrom.com\/shop\/\"},{\"@type\":\"ListItem\",\"position\":3,\"name\":\"Safety Gate Adapter\"}]},{\"@type\":\"WebSite\",\"@id\":\"https:\/\/craftstrom.com\/de\/#website\",\"url\":\"https:\/\/craftstrom.com\/de\/\",\"name\":\"Craftstrom Solar\",\"description\":\"The Future of Plug and Play Solar\",\"publisher\":{\"@id\":\"https:\/\/craftstrom.com\/de\/#organization\"},\"potentialAction\":[{\"@type\":\"SearchAction\",\"target\":{\"@type\":\"EntryPoint\",\"urlTemplate\":\"https:\/\/craftstrom.com\/de\/?s={search_term_string}\"},\"query-input\":{\"@type\":\"PropertyValueSpecification\",\"valueRequired\":true,\"valueName\":\"search_term_string\"}}],\"inLanguage\":\"de\"},{\"@type\":\"Organization\",\"@id\":\"https:\/\/craftstrom.com\/de\/#organization\",\"name\":\"Craftstrom\",\"url\":\"https:\/\/craftstrom.com\/de\/\",\"logo\":{\"@type\":\"ImageObject\",\"inLanguage\":\"de\",\"@id\":\"https:\/\/craftstrom.com\/de\/#\/schema\/logo\/image\/\",\"url\":\"http:\/\/craftstrom.com\/wp-content\/uploads\/2022\/12\/logo.jpg\",\"contentUrl\":\"http:\/\/craftstrom.com\/wp-content\/uploads\/2022\/12\/logo.jpg\",\"width\":612,\"height\":231,\"caption\":\"Craftstrom\"},\"image\":{\"@id\":\"https:\/\/craftstrom.com\/de\/#\/schema\/logo\/image\/\"},\"sameAs\":[\"https:\/\/www.facebook.com\/craftstrom\/\",\"https:\/\/www.instagram.com\/craftstrom\/?hl=en\"]}]}<\/script>\n<!-- \/ Yoast SEO Premium plugin. -->","yoast_head_json":{"title":"Safety Gate Adapter - Craftstrom Solar","robots":{"index":"index","follow":"follow","max-snippet":"max-snippet:-1","max-image-preview":"max-image-preview:large","max-video-preview":"max-video-preview:-1"},"canonical":"https:\/\/craftstrom.com\/de\/produkt\/safety-gate-adapter\/","og_locale":"de_DE","og_type":"article","og_title":"Safety Gate Adapter","og_description":"Der Safety Gate Adapter, den wir Ruth nennen, ist eine patentierte Technologie, um sicherzustellen, dass unsere Produkte Plug-and-Play-f\u00e4hig und dennoch sicher gem\u00e4\u00df dem National Electric Code in den USA sind. Es funktioniert \u00e4hnlich wie eine Sicherung in Deinem Heim, wird jedoch vor unseren Produkten in die Steckdose eingesteckt.","og_url":"https:\/\/craftstrom.com\/de\/produkt\/safety-gate-adapter\/","og_site_name":"Craftstrom Solar","article_publisher":"https:\/\/www.facebook.com\/craftstrom\/","article_modified_time":"2023-05-09T21:43:29+00:00","og_image":[{"width":1070,"height":824,"url":"https:\/\/craftstrom.com\/wp-content\/uploads\/2022\/10\/safety-gate-adapter-white-background.png","type":"image\/png"}],"twitter_card":"summary_large_image","schema":{"@context":"https:\/\/schema.org","@graph":[{"@type":"WebPage","@id":"https:\/\/craftstrom.com\/de\/produkt\/safety-gate-adapter\/","url":"https:\/\/craftstrom.com\/de\/produkt\/safety-gate-adapter\/","name":"Safety Gate Adapter - Craftstrom Solar","isPartOf":{"@id":"https:\/\/craftstrom.com\/de\/#website"},"primaryImageOfPage":{"@id":"https:\/\/craftstrom.com\/de\/produkt\/safety-gate-adapter\/#primaryimage"},"image":{"@id":"https:\/\/craftstrom.com\/de\/produkt\/safety-gate-adapter\/#primaryimage"},"thumbnailUrl":"https:\/\/craftstrom.com\/wp-content\/uploads\/2022\/10\/safety-gate-adapter-white-background.png","datePublished":"2022-10-09T12:13:45+00:00","dateModified":"2023-05-09T21:43:29+00:00","breadcrumb":{"@id":"https:\/\/craftstrom.com\/de\/produkt\/safety-gate-adapter\/#breadcrumb"},"inLanguage":"de","potentialAction":[{"@type":"ReadAction","target":["https:\/\/craftstrom.com\/de\/produkt\/safety-gate-adapter\/"]}]},{"@type":"ImageObject","inLanguage":"de","@id":"https:\/\/craftstrom.com\/de\/produkt\/safety-gate-adapter\/#primaryimage","url":"https:\/\/craftstrom.com\/wp-content\/uploads\/2022\/10\/safety-gate-adapter-white-background.png","contentUrl":"https:\/\/craftstrom.com\/wp-content\/uploads\/2022\/10\/safety-gate-adapter-white-background.png","width":1070,"height":824},{"@type":"BreadcrumbList","@id":"https:\/\/craftstrom.com\/de\/produkt\/safety-gate-adapter\/#breadcrumb","itemListElement":[{"@type":"ListItem","position":1,"name":"Home","item":"https:\/\/craftstrom.com\/de\/"},{"@type":"ListItem","position":2,"name":"Shop","item":"https:\/\/craftstrom.com\/shop\/"},{"@type":"ListItem","position":3,"name":"Safety Gate Adapter"}]},{"@type":"WebSite","@id":"https:\/\/craftstrom.com\/de\/#website","url":"https:\/\/craftstrom.com\/de\/","name":"Craftstrom Solar","description":"The Future of Plug and Play Solar","publisher":{"@id":"https:\/\/craftstrom.com\/de\/#organization"},"potentialAction":[{"@type":"SearchAction","target":{"@type":"EntryPoint","urlTemplate":"https:\/\/craftstrom.com\/de\/?s={search_term_string}"},"query-input":{"@type":"PropertyValueSpecification","valueRequired":true,"valueName":"search_term_string"}}],"inLanguage":"de"},{"@type":"Organization","@id":"https:\/\/craftstrom.com\/de\/#organization","name":"Craftstrom","url":"https:\/\/craftstrom.com\/de\/","logo":{"@type":"ImageObject","inLanguage":"de","@id":"https:\/\/craftstrom.com\/de\/#\/schema\/logo\/image\/","url":"http:\/\/craftstrom.com\/wp-content\/uploads\/2022\/12\/logo.jpg","contentUrl":"http:\/\/craftstrom.com\/wp-content\/uploads\/2022\/12\/logo.jpg","width":612,"height":231,"caption":"Craftstrom"},"image":{"@id":"https:\/\/craftstrom.com\/de\/#\/schema\/logo\/image\/"},"sameAs":["https:\/\/www.facebook.com\/craftstrom\/","https:\/\/www.instagram.com\/craftstrom\/?hl=en"]}]}},"jetpack_sharing_enabled":true,"_links":{"self":[{"href":"https:\/\/craftstrom.com\/de\/wp-json\/wp\/v2\/product\/2405","targetHints":{"allow":["GET"]}}],"collection":[{"href":"https:\/\/craftstrom.com\/de\/wp-json\/wp\/v2\/product"}],"about":[{"href":"https:\/\/craftstrom.com\/de\/wp-json\/wp\/v2\/types\/product"}],"replies":[{"embeddable":true,"href":"https:\/\/craftstrom.com\/de\/wp-json\/wp\/v2\/comments?post=2405"}],"wp:featuredmedia":[{"embeddable":true,"href":"https:\/\/craftstrom.com\/de\/wp-json\/wp\/v2\/media\/2372"}],"wp:attachment":[{"href":"https:\/\/craftstrom.com\/de\/wp-json\/wp\/v2\/media?parent=2405"}],"wp:term":[{"taxonomy":"product_brand","embeddable":true,"href":"https:\/\/craftstrom.com\/de\/wp-json\/wp\/v2\/product_brand?post=2405"},{"taxonomy":"product_cat","embeddable":true,"href":"https:\/\/craftstrom.com\/de\/wp-json\/wp\/v2\/product_cat?post=2405"},{"taxonomy":"product_tag","embeddable":true,"href":"https:\/\/craftstrom.com\/de\/wp-json\/wp\/v2\/product_tag?post=2405"}],"curies":[{"name":"wp","href":"https:\/\/api.w.org\/{rel}","templated":true}]}}