{"id":2541,"date":"2022-10-24T17:17:05","date_gmt":"2022-10-24T17:17:05","guid":{"rendered":"https:\/\/craftstrom.local\/product\/solarstromspeicher-set\/"},"modified":"2023-07-31T18:15:51","modified_gmt":"2023-07-31T18:15:51","slug":"solar-battery-kit","status":"publish","type":"product","link":"https:\/\/craftstrom.com\/de\/produkt\/solar-battery-kit\/","title":{"rendered":"Solarstromspeicher Set"},"content":{"rendered":"<p>Diese einzigartige Plug&amp;Play Stromspeicher L\u00f6sung wurde von uns speziell f\u00fcr Balkonsolar entwickelt und verf\u00fcgt \u00fcber einen modularen Aufbau. Sie kann jedoch auch mit bestehenden System gepaart werden. Sie w\u00e4hlen die Batteriegr\u00f6\u00dfe (Gesamtenergie in kWh) und an wie vielen Stromkreisen Sie sie installieren m\u00f6chten. F\u00fcr jeden Stromkreis, den Sie mit Strom versorgen m\u00f6chten, sollten Sie eine Smart Base ausw\u00e4hlen. Mit jeder Smart Basis erhalten sie automatisch einen 600\/1200W netzunabh\u00e4ngigen Wechselrichter im Set.<br \/>\nAngenommen, Sie m\u00f6chten insgesamt 4 kWh, aber auf zwei separaten Stromkreisen: W\u00e4hlen Sie 4 kWh und w\u00e4hlen Sie 2 der Smart Basis aus. Sie erhalten alles, was Sie brauchen, um Ihre Batterien in wenigen Minuten zu installieren, ohne dass ein Elektriker ben\u00f6tigt wird. Zu jeder gekauften Smart Basis erhalten Sie automatisch einen 600\/1200W netzunabh\u00e4ngigen Wechselrichter. Sie k\u00f6nnen auch sp\u00e4ter weitere Komponenten hinzuf\u00fcgen.<\/p>\n","protected":false},"excerpt":{"rendered":"<p>Diese einzigartige Plug&amp;Play Stromspeicher L\u00f6sung wurde von uns speziell f\u00fcr Balkonsolar entwickelt und verf\u00fcgt \u00fcber einen modularen Aufbau. Sie kann jedoch auch mit bestehenden System gepaart werden. Sie w\u00e4hlen die Batteriegr\u00f6\u00dfe (Gesamtenergie in kWh) und an wie vielen Stromkreisen Sie sie installieren m\u00f6chten. F\u00fcr jeden Stromkreis, den Sie mit Strom versorgen m\u00f6chten, sollten Sie eine Smart Base ausw\u00e4hlen. Mit jeder &#8230;<\/p>\n","protected":false},"featured_media":3900,"comment_status":"closed","ping_status":"closed","template":"","meta":{"_acf_changed":false},"product_brand":[],"product_cat":[90],"product_tag":[],"class_list":{"0":"post-2541","1":"product","2":"type-product","3":"status-publish","4":"has-post-thumbnail","6":"product_cat-sets","8":"first","9":"instock","10":"taxable","11":"shipping-taxable","12":"purchasable","13":"product-type-variable","14":"has-default-attributes"},"acf":[],"yoast_head":"<!-- This site is optimized with the Yoast SEO Premium plugin v26.9 (Yoast SEO v26.9) - https:\/\/yoast.com\/product\/yoast-seo-premium-wordpress\/ -->\n<title>Solarstromspeicher Set - Craftstrom Solar<\/title>\n<meta name=\"robots\" content=\"index, follow, max-snippet:-1, max-image-preview:large, max-video-preview:-1\" \/>\n<link rel=\"canonical\" href=\"https:\/\/craftstrom.com\/de\/produkt\/solar-battery-kit\/\" \/>\n<meta property=\"og:locale\" content=\"de_DE\" \/>\n<meta property=\"og:type\" content=\"article\" \/>\n<meta property=\"og:title\" content=\"Solarstromspeicher Set\" \/>\n<meta property=\"og:description\" content=\"Diese einzigartige Plug&amp;Play Stromspeicher L\u00f6sung wurde von uns speziell f\u00fcr Balkonsolar entwickelt und verf\u00fcgt \u00fcber einen modularen Aufbau. Sie kann jedoch auch mit bestehenden System gepaart werden. Sie w\u00e4hlen die Batteriegr\u00f6\u00dfe (Gesamtenergie in kWh) und an wie vielen Stromkreisen Sie sie installieren m\u00f6chten. F\u00fcr jeden Stromkreis, den Sie mit Strom versorgen m\u00f6chten, sollten Sie eine Smart Base ausw\u00e4hlen. Mit jeder ...\" \/>\n<meta property=\"og:url\" content=\"https:\/\/craftstrom.com\/de\/produkt\/solar-battery-kit\/\" \/>\n<meta property=\"og:site_name\" content=\"Craftstrom Solar\" \/>\n<meta property=\"article:publisher\" content=\"https:\/\/www.facebook.com\/craftstrom\/\" \/>\n<meta property=\"article:modified_time\" content=\"2023-07-31T18:15:51+00:00\" \/>\n<meta property=\"og:image\" content=\"https:\/\/craftstrom.com\/wp-content\/uploads\/2022\/11\/How-it-works-pages-Battery-design-2.png\" \/>\n\t<meta property=\"og:image:width\" content=\"1920\" \/>\n\t<meta property=\"og:image:height\" content=\"1080\" \/>\n\t<meta property=\"og:image:type\" content=\"image\/png\" \/>\n<meta name=\"twitter:card\" content=\"summary_large_image\" \/>\n<meta name=\"twitter:label1\" content=\"Gesch\u00e4tzte Lesezeit\" \/>\n\t<meta name=\"twitter:data1\" content=\"1\u00a0Minute\" \/>\n<script type=\"application\/ld+json\" class=\"yoast-schema-graph\">{\"@context\":\"https:\/\/schema.org\",\"@graph\":[{\"@type\":\"WebPage\",\"@id\":\"https:\/\/craftstrom.com\/de\/produkt\/solar-battery-kit\/\",\"url\":\"https:\/\/craftstrom.com\/de\/produkt\/solar-battery-kit\/\",\"name\":\"Solarstromspeicher Set - Craftstrom Solar\",\"isPartOf\":{\"@id\":\"https:\/\/craftstrom.com\/de\/#website\"},\"primaryImageOfPage\":{\"@id\":\"https:\/\/craftstrom.com\/de\/produkt\/solar-battery-kit\/#primaryimage\"},\"image\":{\"@id\":\"https:\/\/craftstrom.com\/de\/produkt\/solar-battery-kit\/#primaryimage\"},\"thumbnailUrl\":\"https:\/\/craftstrom.com\/wp-content\/uploads\/2022\/11\/How-it-works-pages-Battery-design-2.png\",\"datePublished\":\"2022-10-24T17:17:05+00:00\",\"dateModified\":\"2023-07-31T18:15:51+00:00\",\"breadcrumb\":{\"@id\":\"https:\/\/craftstrom.com\/de\/produkt\/solar-battery-kit\/#breadcrumb\"},\"inLanguage\":\"de\",\"potentialAction\":[{\"@type\":\"ReadAction\",\"target\":[\"https:\/\/craftstrom.com\/de\/produkt\/solar-battery-kit\/\"]}]},{\"@type\":\"ImageObject\",\"inLanguage\":\"de\",\"@id\":\"https:\/\/craftstrom.com\/de\/produkt\/solar-battery-kit\/#primaryimage\",\"url\":\"https:\/\/craftstrom.com\/wp-content\/uploads\/2022\/11\/How-it-works-pages-Battery-design-2.png\",\"contentUrl\":\"https:\/\/craftstrom.com\/wp-content\/uploads\/2022\/11\/How-it-works-pages-Battery-design-2.png\",\"width\":1920,\"height\":1080},{\"@type\":\"BreadcrumbList\",\"@id\":\"https:\/\/craftstrom.com\/de\/produkt\/solar-battery-kit\/#breadcrumb\",\"itemListElement\":[{\"@type\":\"ListItem\",\"position\":1,\"name\":\"Home\",\"item\":\"https:\/\/craftstrom.com\/de\/\"},{\"@type\":\"ListItem\",\"position\":2,\"name\":\"Shop\",\"item\":\"https:\/\/craftstrom.com\/shop\/\"},{\"@type\":\"ListItem\",\"position\":3,\"name\":\"Solarstromspeicher Set\"}]},{\"@type\":\"WebSite\",\"@id\":\"https:\/\/craftstrom.com\/de\/#website\",\"url\":\"https:\/\/craftstrom.com\/de\/\",\"name\":\"Craftstrom Solar\",\"description\":\"The Future of Plug and Play Solar\",\"publisher\":{\"@id\":\"https:\/\/craftstrom.com\/de\/#organization\"},\"potentialAction\":[{\"@type\":\"SearchAction\",\"target\":{\"@type\":\"EntryPoint\",\"urlTemplate\":\"https:\/\/craftstrom.com\/de\/?s={search_term_string}\"},\"query-input\":{\"@type\":\"PropertyValueSpecification\",\"valueRequired\":true,\"valueName\":\"search_term_string\"}}],\"inLanguage\":\"de\"},{\"@type\":\"Organization\",\"@id\":\"https:\/\/craftstrom.com\/de\/#organization\",\"name\":\"Craftstrom\",\"url\":\"https:\/\/craftstrom.com\/de\/\",\"logo\":{\"@type\":\"ImageObject\",\"inLanguage\":\"de\",\"@id\":\"https:\/\/craftstrom.com\/de\/#\/schema\/logo\/image\/\",\"url\":\"http:\/\/craftstrom.com\/wp-content\/uploads\/2022\/12\/logo.jpg\",\"contentUrl\":\"http:\/\/craftstrom.com\/wp-content\/uploads\/2022\/12\/logo.jpg\",\"width\":612,\"height\":231,\"caption\":\"Craftstrom\"},\"image\":{\"@id\":\"https:\/\/craftstrom.com\/de\/#\/schema\/logo\/image\/\"},\"sameAs\":[\"https:\/\/www.facebook.com\/craftstrom\/\",\"https:\/\/www.instagram.com\/craftstrom\/?hl=en\"]}]}<\/script>\n<!-- \/ Yoast SEO Premium plugin. -->","yoast_head_json":{"title":"Solarstromspeicher Set - Craftstrom Solar","robots":{"index":"index","follow":"follow","max-snippet":"max-snippet:-1","max-image-preview":"max-image-preview:large","max-video-preview":"max-video-preview:-1"},"canonical":"https:\/\/craftstrom.com\/de\/produkt\/solar-battery-kit\/","og_locale":"de_DE","og_type":"article","og_title":"Solarstromspeicher Set","og_description":"Diese einzigartige Plug&amp;Play Stromspeicher L\u00f6sung wurde von uns speziell f\u00fcr Balkonsolar entwickelt und verf\u00fcgt \u00fcber einen modularen Aufbau. Sie kann jedoch auch mit bestehenden System gepaart werden. Sie w\u00e4hlen die Batteriegr\u00f6\u00dfe (Gesamtenergie in kWh) und an wie vielen Stromkreisen Sie sie installieren m\u00f6chten. F\u00fcr jeden Stromkreis, den Sie mit Strom versorgen m\u00f6chten, sollten Sie eine Smart Base ausw\u00e4hlen. Mit jeder ...","og_url":"https:\/\/craftstrom.com\/de\/produkt\/solar-battery-kit\/","og_site_name":"Craftstrom Solar","article_publisher":"https:\/\/www.facebook.com\/craftstrom\/","article_modified_time":"2023-07-31T18:15:51+00:00","og_image":[{"width":1920,"height":1080,"url":"https:\/\/craftstrom.com\/wp-content\/uploads\/2022\/11\/How-it-works-pages-Battery-design-2.png","type":"image\/png"}],"twitter_card":"summary_large_image","twitter_misc":{"Gesch\u00e4tzte Lesezeit":"1\u00a0Minute"},"schema":{"@context":"https:\/\/schema.org","@graph":[{"@type":"WebPage","@id":"https:\/\/craftstrom.com\/de\/produkt\/solar-battery-kit\/","url":"https:\/\/craftstrom.com\/de\/produkt\/solar-battery-kit\/","name":"Solarstromspeicher Set - Craftstrom Solar","isPartOf":{"@id":"https:\/\/craftstrom.com\/de\/#website"},"primaryImageOfPage":{"@id":"https:\/\/craftstrom.com\/de\/produkt\/solar-battery-kit\/#primaryimage"},"image":{"@id":"https:\/\/craftstrom.com\/de\/produkt\/solar-battery-kit\/#primaryimage"},"thumbnailUrl":"https:\/\/craftstrom.com\/wp-content\/uploads\/2022\/11\/How-it-works-pages-Battery-design-2.png","datePublished":"2022-10-24T17:17:05+00:00","dateModified":"2023-07-31T18:15:51+00:00","breadcrumb":{"@id":"https:\/\/craftstrom.com\/de\/produkt\/solar-battery-kit\/#breadcrumb"},"inLanguage":"de","potentialAction":[{"@type":"ReadAction","target":["https:\/\/craftstrom.com\/de\/produkt\/solar-battery-kit\/"]}]},{"@type":"ImageObject","inLanguage":"de","@id":"https:\/\/craftstrom.com\/de\/produkt\/solar-battery-kit\/#primaryimage","url":"https:\/\/craftstrom.com\/wp-content\/uploads\/2022\/11\/How-it-works-pages-Battery-design-2.png","contentUrl":"https:\/\/craftstrom.com\/wp-content\/uploads\/2022\/11\/How-it-works-pages-Battery-design-2.png","width":1920,"height":1080},{"@type":"BreadcrumbList","@id":"https:\/\/craftstrom.com\/de\/produkt\/solar-battery-kit\/#breadcrumb","itemListElement":[{"@type":"ListItem","position":1,"name":"Home","item":"https:\/\/craftstrom.com\/de\/"},{"@type":"ListItem","position":2,"name":"Shop","item":"https:\/\/craftstrom.com\/shop\/"},{"@type":"ListItem","position":3,"name":"Solarstromspeicher Set"}]},{"@type":"WebSite","@id":"https:\/\/craftstrom.com\/de\/#website","url":"https:\/\/craftstrom.com\/de\/","name":"Craftstrom Solar","description":"The Future of Plug and Play Solar","publisher":{"@id":"https:\/\/craftstrom.com\/de\/#organization"},"potentialAction":[{"@type":"SearchAction","target":{"@type":"EntryPoint","urlTemplate":"https:\/\/craftstrom.com\/de\/?s={search_term_string}"},"query-input":{"@type":"PropertyValueSpecification","valueRequired":true,"valueName":"search_term_string"}}],"inLanguage":"de"},{"@type":"Organization","@id":"https:\/\/craftstrom.com\/de\/#organization","name":"Craftstrom","url":"https:\/\/craftstrom.com\/de\/","logo":{"@type":"ImageObject","inLanguage":"de","@id":"https:\/\/craftstrom.com\/de\/#\/schema\/logo\/image\/","url":"http:\/\/craftstrom.com\/wp-content\/uploads\/2022\/12\/logo.jpg","contentUrl":"http:\/\/craftstrom.com\/wp-content\/uploads\/2022\/12\/logo.jpg","width":612,"height":231,"caption":"Craftstrom"},"image":{"@id":"https:\/\/craftstrom.com\/de\/#\/schema\/logo\/image\/"},"sameAs":["https:\/\/www.facebook.com\/craftstrom\/","https:\/\/www.instagram.com\/craftstrom\/?hl=en"]}]}},"jetpack_sharing_enabled":true,"_links":{"self":[{"href":"https:\/\/craftstrom.com\/de\/wp-json\/wp\/v2\/product\/2541","targetHints":{"allow":["GET"]}}],"collection":[{"href":"https:\/\/craftstrom.com\/de\/wp-json\/wp\/v2\/product"}],"about":[{"href":"https:\/\/craftstrom.com\/de\/wp-json\/wp\/v2\/types\/product"}],"replies":[{"embeddable":true,"href":"https:\/\/craftstrom.com\/de\/wp-json\/wp\/v2\/comments?post=2541"}],"wp:featuredmedia":[{"embeddable":true,"href":"https:\/\/craftstrom.com\/de\/wp-json\/wp\/v2\/media\/3900"}],"wp:attachment":[{"href":"https:\/\/craftstrom.com\/de\/wp-json\/wp\/v2\/media?parent=2541"}],"wp:term":[{"taxonomy":"product_brand","embeddable":true,"href":"https:\/\/craftstrom.com\/de\/wp-json\/wp\/v2\/product_brand?post=2541"},{"taxonomy":"product_cat","embeddable":true,"href":"https:\/\/craftstrom.com\/de\/wp-json\/wp\/v2\/product_cat?post=2541"},{"taxonomy":"product_tag","embeddable":true,"href":"https:\/\/craftstrom.com\/de\/wp-json\/wp\/v2\/product_tag?post=2541"}],"curies":[{"name":"wp","href":"https:\/\/api.w.org\/{rel}","templated":true}]}}