{"id":3694,"date":"2023-06-02T14:32:17","date_gmt":"2023-06-02T14:32:17","guid":{"rendered":"https:\/\/craftstrom.local\/?post_type=product&#038;p=3694"},"modified":"2023-07-05T12:35:40","modified_gmt":"2023-07-05T12:35:40","slug":"basis-balkonsolar-und-speicher-set","status":"publish","type":"product","link":"https:\/\/craftstrom.com\/de\/produkt\/basis-balkonsolar-und-speicher-set\/","title":{"rendered":"Basis Balkonsolar und Speicher Set"},"content":{"rendered":"<p>Das vielseitigste Balkonsolar-Speicher Set. Entscheiden Sie sich f\u00fcr das zus\u00e4tzliche 800W Balksonsolar Set, um das perfekte Erlebnis abzurunden. Dieses Set beinhaltet:<\/p>\n<ol>\n<li><strong>1kWh Batterie<\/strong> mit integriertem MPPT Laderegler f\u00fcr direktes Laden mit unseren Solarmodulen, 2 x USB A, 1 x USB C und eine OLED Anzeige.<\/li>\n<li><strong>300W Smart Basis mit WiFi<\/strong> zum Laden und Entladen von Netz- oder Solarenergie in Ihr Heimnetz.<\/li>\n<li><strong>600W netzunabh\u00e4ngiger Wechselrichter<\/strong> mit kabellosem Ladeger\u00e4t und 2 x 230V Steckdosen.<\/li>\n<li><strong>MC4 Solar Ladekabel,<\/strong> um die Batterie direkt von unseren Solarmodulen zu laden.<\/li>\n<\/ol>\n<p>zus\u00e4tzlich m\u00f6glich:<\/p>\n<ol>\n<li><strong>800W Ultra Leicht Solarmodule (4 x 200W)<\/strong>\u00a0&#8211; Klassik Version<\/li>\n<li><strong>Smart Wechselrichter 800W (AUT\/CH) oder 2 x 300W (DE)<\/strong>, oder je nach Wunsch.<\/li>\n<li><strong>Smart <a href=\"http:\/\/craftstrom.com\/product\/power-meter\/\">PowerMeter<\/a><\/strong> um den Verbrauch Ihres Haushalts genau zu messen und Ihren Solarstrom entsprechend zu verteilen.<\/li>\n<li><strong>Alle Kabel,<\/strong>\u00a0die f\u00fcr eine einfache Installation in 10 Min gebraucht werden.<\/li>\n<\/ol>\n<p><strong>Sie k\u00f6nnen sich bei diesem Set im n\u00e4chsten Tab auch f\u00fcr Erweiterungsbatterien entscheiden!<\/strong><\/p>\n<p>Klicken Sie <a href=\"http:\/\/craftstrom.com\/wp-content\/uploads\/2023\/03\/CS-FPV200W-36V_datasheet2023.pdf\">hier<\/a> f\u00fcr das Datenblatt des Solarpanels.<\/p>\n<p>Alles, was Sie brauchen, ist eine normale Steckdose und WLAN, um sofort Solarstrom zu produzieren und mit Ihren Produktionsdaten auf dem Laufenden zu bleiben. Die Installation dauert ca. 10 Minuten, aber unsere Garantie betr\u00e4gt 10 Jahre!<\/p>\n<p>Sie vertrauen Ihrem Stromnetz nicht ganz? F\u00fcgen Sie unseren <a href=\"http:\/\/craftstrom.com\/product\/safety-gate-adapter\/\">Phasenschutzadapter<\/a> hinzu, um Ihr Heimnetz sicher zu halten. Er stellt eine intelligente Sicherung dar, die auf Ihr Heim aufpasst und nur CraftStrom Produkte zur Sicherheit abschaltet.<\/p>\n<p>&nbsp;<\/p>\n","protected":false},"excerpt":{"rendered":"<p>Das vielseitigste Balkonsolar-Speicher Set. Entscheiden Sie sich f\u00fcr das zus\u00e4tzliche 800W Balksonsolar Set, um das perfekte Erlebnis abzurunden. Dieses Set beinhaltet: 1kWh Batterie mit integriertem MPPT Laderegler f\u00fcr direktes Laden mit unseren Solarmodulen, 2 x USB A, 1 x USB C und eine OLED Anzeige. 300W Smart Basis mit WiFi zum Laden und Entladen von Netz- oder Solarenergie in Ihr &#8230;<\/p>\n","protected":false},"featured_media":2622,"comment_status":"closed","ping_status":"closed","template":"","meta":{"_acf_changed":false},"product_brand":[],"product_cat":[90],"product_tag":[],"class_list":{"0":"post-3694","1":"product","2":"type-product","3":"status-publish","4":"has-post-thumbnail","6":"product_cat-sets","8":"first","9":"instock","10":"taxable","11":"shipping-taxable","12":"purchasable","13":"product-type-variable"},"acf":[],"yoast_head":"<!-- This site is optimized with the Yoast SEO Premium plugin v26.9 (Yoast SEO v26.9) - https:\/\/yoast.com\/product\/yoast-seo-premium-wordpress\/ -->\n<title>Basis Balkonsolar und Speicher Set - Craftstrom Solar<\/title>\n<meta name=\"description\" content=\"DIY Solar f\u00fcr Anf\u00e4nger. Echtes Plug&amp;Play - Installation in 10 Minuten. WiFi-Integration und App inklusive.\" \/>\n<meta name=\"robots\" content=\"index, follow, max-snippet:-1, max-image-preview:large, max-video-preview:-1\" \/>\n<link rel=\"canonical\" href=\"https:\/\/craftstrom.com\/de\/produkt\/basis-balkonsolar-und-speicher-set\/\" \/>\n<meta property=\"og:locale\" content=\"de_DE\" \/>\n<meta property=\"og:type\" content=\"article\" \/>\n<meta property=\"og:title\" content=\"Basis Balkonsolar und Speicher Set\" \/>\n<meta property=\"og:description\" content=\"DIY Solar f\u00fcr Anf\u00e4nger. Echtes Plug&amp;Play - Installation in 10 Minuten. WiFi-Integration und App inklusive.\" \/>\n<meta property=\"og:url\" content=\"https:\/\/craftstrom.com\/de\/produkt\/basis-balkonsolar-und-speicher-set\/\" \/>\n<meta property=\"og:site_name\" content=\"Craftstrom Solar\" \/>\n<meta property=\"article:publisher\" content=\"https:\/\/www.facebook.com\/craftstrom\/\" \/>\n<meta property=\"article:modified_time\" content=\"2023-07-05T12:35:40+00:00\" \/>\n<meta property=\"og:image\" content=\"https:\/\/craftstrom.com\/wp-content\/uploads\/2022\/12\/Intro-Hero.jpg\" \/>\n\t<meta property=\"og:image:width\" content=\"1920\" \/>\n\t<meta property=\"og:image:height\" content=\"1080\" \/>\n\t<meta property=\"og:image:type\" content=\"image\/jpeg\" \/>\n<meta name=\"twitter:card\" content=\"summary_large_image\" \/>\n<meta name=\"twitter:label1\" content=\"Gesch\u00e4tzte Lesezeit\" \/>\n\t<meta name=\"twitter:data1\" content=\"1\u00a0Minute\" \/>\n<script type=\"application\/ld+json\" class=\"yoast-schema-graph\">{\"@context\":\"https:\/\/schema.org\",\"@graph\":[{\"@type\":\"WebPage\",\"@id\":\"https:\/\/craftstrom.com\/de\/produkt\/basis-balkonsolar-und-speicher-set\/\",\"url\":\"https:\/\/craftstrom.com\/de\/produkt\/basis-balkonsolar-und-speicher-set\/\",\"name\":\"Basis Balkonsolar und Speicher Set - Craftstrom Solar\",\"isPartOf\":{\"@id\":\"https:\/\/craftstrom.com\/de\/#website\"},\"primaryImageOfPage\":{\"@id\":\"https:\/\/craftstrom.com\/de\/produkt\/basis-balkonsolar-und-speicher-set\/#primaryimage\"},\"image\":{\"@id\":\"https:\/\/craftstrom.com\/de\/produkt\/basis-balkonsolar-und-speicher-set\/#primaryimage\"},\"thumbnailUrl\":\"https:\/\/craftstrom.com\/wp-content\/uploads\/2022\/12\/Intro-Hero.jpg\",\"datePublished\":\"2023-06-02T14:32:17+00:00\",\"dateModified\":\"2023-07-05T12:35:40+00:00\",\"description\":\"DIY Solar f\u00fcr Anf\u00e4nger. Echtes Plug&Play - Installation in 10 Minuten. WiFi-Integration und App inklusive.\",\"breadcrumb\":{\"@id\":\"https:\/\/craftstrom.com\/de\/produkt\/basis-balkonsolar-und-speicher-set\/#breadcrumb\"},\"inLanguage\":\"de\",\"potentialAction\":[{\"@type\":\"ReadAction\",\"target\":[\"https:\/\/craftstrom.com\/de\/produkt\/basis-balkonsolar-und-speicher-set\/\"]}]},{\"@type\":\"ImageObject\",\"inLanguage\":\"de\",\"@id\":\"https:\/\/craftstrom.com\/de\/produkt\/basis-balkonsolar-und-speicher-set\/#primaryimage\",\"url\":\"https:\/\/craftstrom.com\/wp-content\/uploads\/2022\/12\/Intro-Hero.jpg\",\"contentUrl\":\"https:\/\/craftstrom.com\/wp-content\/uploads\/2022\/12\/Intro-Hero.jpg\",\"width\":1920,\"height\":1080},{\"@type\":\"BreadcrumbList\",\"@id\":\"https:\/\/craftstrom.com\/de\/produkt\/basis-balkonsolar-und-speicher-set\/#breadcrumb\",\"itemListElement\":[{\"@type\":\"ListItem\",\"position\":1,\"name\":\"Home\",\"item\":\"https:\/\/craftstrom.com\/de\/\"},{\"@type\":\"ListItem\",\"position\":2,\"name\":\"Shop\",\"item\":\"https:\/\/craftstrom.com\/shop\/\"},{\"@type\":\"ListItem\",\"position\":3,\"name\":\"Basis Balkonsolar und Speicher Set\"}]},{\"@type\":\"WebSite\",\"@id\":\"https:\/\/craftstrom.com\/de\/#website\",\"url\":\"https:\/\/craftstrom.com\/de\/\",\"name\":\"Craftstrom Solar\",\"description\":\"The Future of Plug and Play Solar\",\"publisher\":{\"@id\":\"https:\/\/craftstrom.com\/de\/#organization\"},\"potentialAction\":[{\"@type\":\"SearchAction\",\"target\":{\"@type\":\"EntryPoint\",\"urlTemplate\":\"https:\/\/craftstrom.com\/de\/?s={search_term_string}\"},\"query-input\":{\"@type\":\"PropertyValueSpecification\",\"valueRequired\":true,\"valueName\":\"search_term_string\"}}],\"inLanguage\":\"de\"},{\"@type\":\"Organization\",\"@id\":\"https:\/\/craftstrom.com\/de\/#organization\",\"name\":\"Craftstrom\",\"url\":\"https:\/\/craftstrom.com\/de\/\",\"logo\":{\"@type\":\"ImageObject\",\"inLanguage\":\"de\",\"@id\":\"https:\/\/craftstrom.com\/de\/#\/schema\/logo\/image\/\",\"url\":\"http:\/\/craftstrom.com\/wp-content\/uploads\/2022\/12\/logo.jpg\",\"contentUrl\":\"http:\/\/craftstrom.com\/wp-content\/uploads\/2022\/12\/logo.jpg\",\"width\":612,\"height\":231,\"caption\":\"Craftstrom\"},\"image\":{\"@id\":\"https:\/\/craftstrom.com\/de\/#\/schema\/logo\/image\/\"},\"sameAs\":[\"https:\/\/www.facebook.com\/craftstrom\/\",\"https:\/\/www.instagram.com\/craftstrom\/?hl=en\"]}]}<\/script>\n<!-- \/ Yoast SEO Premium plugin. -->","yoast_head_json":{"title":"Basis Balkonsolar und Speicher Set - Craftstrom Solar","description":"DIY Solar f\u00fcr Anf\u00e4nger. Echtes Plug&Play - Installation in 10 Minuten. WiFi-Integration und App inklusive.","robots":{"index":"index","follow":"follow","max-snippet":"max-snippet:-1","max-image-preview":"max-image-preview:large","max-video-preview":"max-video-preview:-1"},"canonical":"https:\/\/craftstrom.com\/de\/produkt\/basis-balkonsolar-und-speicher-set\/","og_locale":"de_DE","og_type":"article","og_title":"Basis Balkonsolar und Speicher Set","og_description":"DIY Solar f\u00fcr Anf\u00e4nger. Echtes Plug&Play - Installation in 10 Minuten. WiFi-Integration und App inklusive.","og_url":"https:\/\/craftstrom.com\/de\/produkt\/basis-balkonsolar-und-speicher-set\/","og_site_name":"Craftstrom Solar","article_publisher":"https:\/\/www.facebook.com\/craftstrom\/","article_modified_time":"2023-07-05T12:35:40+00:00","og_image":[{"width":1920,"height":1080,"url":"https:\/\/craftstrom.com\/wp-content\/uploads\/2022\/12\/Intro-Hero.jpg","type":"image\/jpeg"}],"twitter_card":"summary_large_image","twitter_misc":{"Gesch\u00e4tzte Lesezeit":"1\u00a0Minute"},"schema":{"@context":"https:\/\/schema.org","@graph":[{"@type":"WebPage","@id":"https:\/\/craftstrom.com\/de\/produkt\/basis-balkonsolar-und-speicher-set\/","url":"https:\/\/craftstrom.com\/de\/produkt\/basis-balkonsolar-und-speicher-set\/","name":"Basis Balkonsolar und Speicher Set - Craftstrom Solar","isPartOf":{"@id":"https:\/\/craftstrom.com\/de\/#website"},"primaryImageOfPage":{"@id":"https:\/\/craftstrom.com\/de\/produkt\/basis-balkonsolar-und-speicher-set\/#primaryimage"},"image":{"@id":"https:\/\/craftstrom.com\/de\/produkt\/basis-balkonsolar-und-speicher-set\/#primaryimage"},"thumbnailUrl":"https:\/\/craftstrom.com\/wp-content\/uploads\/2022\/12\/Intro-Hero.jpg","datePublished":"2023-06-02T14:32:17+00:00","dateModified":"2023-07-05T12:35:40+00:00","description":"DIY Solar f\u00fcr Anf\u00e4nger. Echtes Plug&Play - Installation in 10 Minuten. WiFi-Integration und App inklusive.","breadcrumb":{"@id":"https:\/\/craftstrom.com\/de\/produkt\/basis-balkonsolar-und-speicher-set\/#breadcrumb"},"inLanguage":"de","potentialAction":[{"@type":"ReadAction","target":["https:\/\/craftstrom.com\/de\/produkt\/basis-balkonsolar-und-speicher-set\/"]}]},{"@type":"ImageObject","inLanguage":"de","@id":"https:\/\/craftstrom.com\/de\/produkt\/basis-balkonsolar-und-speicher-set\/#primaryimage","url":"https:\/\/craftstrom.com\/wp-content\/uploads\/2022\/12\/Intro-Hero.jpg","contentUrl":"https:\/\/craftstrom.com\/wp-content\/uploads\/2022\/12\/Intro-Hero.jpg","width":1920,"height":1080},{"@type":"BreadcrumbList","@id":"https:\/\/craftstrom.com\/de\/produkt\/basis-balkonsolar-und-speicher-set\/#breadcrumb","itemListElement":[{"@type":"ListItem","position":1,"name":"Home","item":"https:\/\/craftstrom.com\/de\/"},{"@type":"ListItem","position":2,"name":"Shop","item":"https:\/\/craftstrom.com\/shop\/"},{"@type":"ListItem","position":3,"name":"Basis Balkonsolar und Speicher Set"}]},{"@type":"WebSite","@id":"https:\/\/craftstrom.com\/de\/#website","url":"https:\/\/craftstrom.com\/de\/","name":"Craftstrom Solar","description":"The Future of Plug and Play Solar","publisher":{"@id":"https:\/\/craftstrom.com\/de\/#organization"},"potentialAction":[{"@type":"SearchAction","target":{"@type":"EntryPoint","urlTemplate":"https:\/\/craftstrom.com\/de\/?s={search_term_string}"},"query-input":{"@type":"PropertyValueSpecification","valueRequired":true,"valueName":"search_term_string"}}],"inLanguage":"de"},{"@type":"Organization","@id":"https:\/\/craftstrom.com\/de\/#organization","name":"Craftstrom","url":"https:\/\/craftstrom.com\/de\/","logo":{"@type":"ImageObject","inLanguage":"de","@id":"https:\/\/craftstrom.com\/de\/#\/schema\/logo\/image\/","url":"http:\/\/craftstrom.com\/wp-content\/uploads\/2022\/12\/logo.jpg","contentUrl":"http:\/\/craftstrom.com\/wp-content\/uploads\/2022\/12\/logo.jpg","width":612,"height":231,"caption":"Craftstrom"},"image":{"@id":"https:\/\/craftstrom.com\/de\/#\/schema\/logo\/image\/"},"sameAs":["https:\/\/www.facebook.com\/craftstrom\/","https:\/\/www.instagram.com\/craftstrom\/?hl=en"]}]}},"jetpack_sharing_enabled":true,"_links":{"self":[{"href":"https:\/\/craftstrom.com\/de\/wp-json\/wp\/v2\/product\/3694","targetHints":{"allow":["GET"]}}],"collection":[{"href":"https:\/\/craftstrom.com\/de\/wp-json\/wp\/v2\/product"}],"about":[{"href":"https:\/\/craftstrom.com\/de\/wp-json\/wp\/v2\/types\/product"}],"replies":[{"embeddable":true,"href":"https:\/\/craftstrom.com\/de\/wp-json\/wp\/v2\/comments?post=3694"}],"wp:featuredmedia":[{"embeddable":true,"href":"https:\/\/craftstrom.com\/de\/wp-json\/wp\/v2\/media\/2622"}],"wp:attachment":[{"href":"https:\/\/craftstrom.com\/de\/wp-json\/wp\/v2\/media?parent=3694"}],"wp:term":[{"taxonomy":"product_brand","embeddable":true,"href":"https:\/\/craftstrom.com\/de\/wp-json\/wp\/v2\/product_brand?post=3694"},{"taxonomy":"product_cat","embeddable":true,"href":"https:\/\/craftstrom.com\/de\/wp-json\/wp\/v2\/product_cat?post=3694"},{"taxonomy":"product_tag","embeddable":true,"href":"https:\/\/craftstrom.com\/de\/wp-json\/wp\/v2\/product_tag?post=3694"}],"curies":[{"name":"wp","href":"https:\/\/api.w.org\/{rel}","templated":true}]}}