{"id":3733,"date":"2023-06-04T17:06:56","date_gmt":"2023-06-04T17:06:56","guid":{"rendered":"https:\/\/craftstrom.local\/product\/batterie-erweiterungsset\/"},"modified":"2023-06-04T20:19:35","modified_gmt":"2023-06-04T20:19:35","slug":"erweiterungs-batterien-set","status":"publish","type":"product","link":"https:\/\/craftstrom.com\/de\/produkt\/erweiterungs-batterien-set\/","title":{"rendered":"Batterie Erweiterungsset"},"content":{"rendered":"<p>Erg\u00e4nzen Sie Ihre Smart Basis mit weiteren Batterien f\u00fcr mehr Kapazit\u00e4t!<br \/>\nSie k\u00f6nnen bis zu <strong>3<\/strong> zus\u00e4tzliche 1kWh Batterien an die Smart Basis anstecken, um in Summe 4kWh zu erreichen. Jede Batterie verf\u00fcgt \u00fcber ein MPPT Ladeger\u00e4t und integrierte USB-A (2x) and USB-C (1x) Stecker. Sobald diese Batterien mit der Smart Basis verbunden sind, werden sie in Reihe geladen bzw. entladen, w\u00e4hrend sie miteinander kommunizieren und eine Einheit bilden.<\/p>\n","protected":false},"excerpt":{"rendered":"<p>Erg\u00e4nzen Sie Ihre Smart Basis mit weiteren Batterien f\u00fcr mehr Kapazit\u00e4t! Sie k\u00f6nnen bis zu 3 zus\u00e4tzliche 1kWh Batterien an die Smart Basis anstecken, um in Summe 4kWh zu erreichen. Jede Batterie verf\u00fcgt \u00fcber ein MPPT Ladeger\u00e4t und integrierte USB-A (2x) and USB-C (1x) Stecker. Sobald diese Batterien mit der Smart Basis verbunden sind, werden sie in Reihe geladen bzw. &#8230;<\/p>\n","protected":false},"featured_media":0,"comment_status":"closed","ping_status":"closed","template":"","meta":{"_acf_changed":false},"product_brand":[],"product_cat":[94],"product_tag":[],"class_list":{"0":"post-3733","1":"product","2":"type-product","3":"status-publish","5":"product_cat-nicht-kategorisiert","7":"first","8":"instock","9":"taxable","10":"shipping-taxable","11":"purchasable","12":"product-type-variable","13":"has-default-attributes"},"acf":[],"yoast_head":"<!-- This site is optimized with the Yoast SEO Premium plugin v26.9 (Yoast SEO v26.9) - https:\/\/yoast.com\/product\/yoast-seo-premium-wordpress\/ -->\n<title>Batterie Erweiterungsset - Craftstrom Solar<\/title>\n<meta name=\"robots\" content=\"index, follow, max-snippet:-1, max-image-preview:large, max-video-preview:-1\" \/>\n<link rel=\"canonical\" href=\"https:\/\/craftstrom.com\/de\/produkt\/erweiterungs-batterien-set\/\" \/>\n<meta property=\"og:locale\" content=\"de_DE\" \/>\n<meta property=\"og:type\" content=\"article\" \/>\n<meta property=\"og:title\" content=\"Batterie Erweiterungsset\" \/>\n<meta property=\"og:description\" content=\"Erg\u00e4nzen Sie Ihre Smart Basis mit weiteren Batterien f\u00fcr mehr Kapazit\u00e4t! Sie k\u00f6nnen bis zu 3 zus\u00e4tzliche 1kWh Batterien an die Smart Basis anstecken, um in Summe 4kWh zu erreichen. Jede Batterie verf\u00fcgt \u00fcber ein MPPT Ladeger\u00e4t und integrierte USB-A (2x) and USB-C (1x) Stecker. Sobald diese Batterien mit der Smart Basis verbunden sind, werden sie in Reihe geladen bzw. ...\" \/>\n<meta property=\"og:url\" content=\"https:\/\/craftstrom.com\/de\/produkt\/erweiterungs-batterien-set\/\" \/>\n<meta property=\"og:site_name\" content=\"Craftstrom Solar\" \/>\n<meta property=\"article:publisher\" content=\"https:\/\/www.facebook.com\/craftstrom\/\" \/>\n<meta property=\"article:modified_time\" content=\"2023-06-04T20:19:35+00:00\" \/>\n<meta name=\"twitter:card\" content=\"summary_large_image\" \/>\n<script type=\"application\/ld+json\" class=\"yoast-schema-graph\">{\"@context\":\"https:\/\/schema.org\",\"@graph\":[{\"@type\":\"WebPage\",\"@id\":\"https:\/\/craftstrom.com\/de\/produkt\/erweiterungs-batterien-set\/\",\"url\":\"https:\/\/craftstrom.com\/de\/produkt\/erweiterungs-batterien-set\/\",\"name\":\"Batterie Erweiterungsset - Craftstrom Solar\",\"isPartOf\":{\"@id\":\"https:\/\/craftstrom.com\/de\/#website\"},\"datePublished\":\"2023-06-04T17:06:56+00:00\",\"dateModified\":\"2023-06-04T20:19:35+00:00\",\"breadcrumb\":{\"@id\":\"https:\/\/craftstrom.com\/de\/produkt\/erweiterungs-batterien-set\/#breadcrumb\"},\"inLanguage\":\"de\",\"potentialAction\":[{\"@type\":\"ReadAction\",\"target\":[\"https:\/\/craftstrom.com\/de\/produkt\/erweiterungs-batterien-set\/\"]}]},{\"@type\":\"BreadcrumbList\",\"@id\":\"https:\/\/craftstrom.com\/de\/produkt\/erweiterungs-batterien-set\/#breadcrumb\",\"itemListElement\":[{\"@type\":\"ListItem\",\"position\":1,\"name\":\"Home\",\"item\":\"https:\/\/craftstrom.com\/de\/\"},{\"@type\":\"ListItem\",\"position\":2,\"name\":\"Shop\",\"item\":\"https:\/\/craftstrom.com\/shop\/\"},{\"@type\":\"ListItem\",\"position\":3,\"name\":\"Batterie Erweiterungsset\"}]},{\"@type\":\"WebSite\",\"@id\":\"https:\/\/craftstrom.com\/de\/#website\",\"url\":\"https:\/\/craftstrom.com\/de\/\",\"name\":\"Craftstrom Solar\",\"description\":\"The Future of Plug and Play Solar\",\"publisher\":{\"@id\":\"https:\/\/craftstrom.com\/de\/#organization\"},\"potentialAction\":[{\"@type\":\"SearchAction\",\"target\":{\"@type\":\"EntryPoint\",\"urlTemplate\":\"https:\/\/craftstrom.com\/de\/?s={search_term_string}\"},\"query-input\":{\"@type\":\"PropertyValueSpecification\",\"valueRequired\":true,\"valueName\":\"search_term_string\"}}],\"inLanguage\":\"de\"},{\"@type\":\"Organization\",\"@id\":\"https:\/\/craftstrom.com\/de\/#organization\",\"name\":\"Craftstrom\",\"url\":\"https:\/\/craftstrom.com\/de\/\",\"logo\":{\"@type\":\"ImageObject\",\"inLanguage\":\"de\",\"@id\":\"https:\/\/craftstrom.com\/de\/#\/schema\/logo\/image\/\",\"url\":\"http:\/\/craftstrom.com\/wp-content\/uploads\/2022\/12\/logo.jpg\",\"contentUrl\":\"http:\/\/craftstrom.com\/wp-content\/uploads\/2022\/12\/logo.jpg\",\"width\":612,\"height\":231,\"caption\":\"Craftstrom\"},\"image\":{\"@id\":\"https:\/\/craftstrom.com\/de\/#\/schema\/logo\/image\/\"},\"sameAs\":[\"https:\/\/www.facebook.com\/craftstrom\/\",\"https:\/\/www.instagram.com\/craftstrom\/?hl=en\"]}]}<\/script>\n<!-- \/ Yoast SEO Premium plugin. -->","yoast_head_json":{"title":"Batterie Erweiterungsset - Craftstrom Solar","robots":{"index":"index","follow":"follow","max-snippet":"max-snippet:-1","max-image-preview":"max-image-preview:large","max-video-preview":"max-video-preview:-1"},"canonical":"https:\/\/craftstrom.com\/de\/produkt\/erweiterungs-batterien-set\/","og_locale":"de_DE","og_type":"article","og_title":"Batterie Erweiterungsset","og_description":"Erg\u00e4nzen Sie Ihre Smart Basis mit weiteren Batterien f\u00fcr mehr Kapazit\u00e4t! Sie k\u00f6nnen bis zu 3 zus\u00e4tzliche 1kWh Batterien an die Smart Basis anstecken, um in Summe 4kWh zu erreichen. Jede Batterie verf\u00fcgt \u00fcber ein MPPT Ladeger\u00e4t und integrierte USB-A (2x) and USB-C (1x) Stecker. Sobald diese Batterien mit der Smart Basis verbunden sind, werden sie in Reihe geladen bzw. ...","og_url":"https:\/\/craftstrom.com\/de\/produkt\/erweiterungs-batterien-set\/","og_site_name":"Craftstrom Solar","article_publisher":"https:\/\/www.facebook.com\/craftstrom\/","article_modified_time":"2023-06-04T20:19:35+00:00","twitter_card":"summary_large_image","schema":{"@context":"https:\/\/schema.org","@graph":[{"@type":"WebPage","@id":"https:\/\/craftstrom.com\/de\/produkt\/erweiterungs-batterien-set\/","url":"https:\/\/craftstrom.com\/de\/produkt\/erweiterungs-batterien-set\/","name":"Batterie Erweiterungsset - Craftstrom Solar","isPartOf":{"@id":"https:\/\/craftstrom.com\/de\/#website"},"datePublished":"2023-06-04T17:06:56+00:00","dateModified":"2023-06-04T20:19:35+00:00","breadcrumb":{"@id":"https:\/\/craftstrom.com\/de\/produkt\/erweiterungs-batterien-set\/#breadcrumb"},"inLanguage":"de","potentialAction":[{"@type":"ReadAction","target":["https:\/\/craftstrom.com\/de\/produkt\/erweiterungs-batterien-set\/"]}]},{"@type":"BreadcrumbList","@id":"https:\/\/craftstrom.com\/de\/produkt\/erweiterungs-batterien-set\/#breadcrumb","itemListElement":[{"@type":"ListItem","position":1,"name":"Home","item":"https:\/\/craftstrom.com\/de\/"},{"@type":"ListItem","position":2,"name":"Shop","item":"https:\/\/craftstrom.com\/shop\/"},{"@type":"ListItem","position":3,"name":"Batterie Erweiterungsset"}]},{"@type":"WebSite","@id":"https:\/\/craftstrom.com\/de\/#website","url":"https:\/\/craftstrom.com\/de\/","name":"Craftstrom Solar","description":"The Future of Plug and Play Solar","publisher":{"@id":"https:\/\/craftstrom.com\/de\/#organization"},"potentialAction":[{"@type":"SearchAction","target":{"@type":"EntryPoint","urlTemplate":"https:\/\/craftstrom.com\/de\/?s={search_term_string}"},"query-input":{"@type":"PropertyValueSpecification","valueRequired":true,"valueName":"search_term_string"}}],"inLanguage":"de"},{"@type":"Organization","@id":"https:\/\/craftstrom.com\/de\/#organization","name":"Craftstrom","url":"https:\/\/craftstrom.com\/de\/","logo":{"@type":"ImageObject","inLanguage":"de","@id":"https:\/\/craftstrom.com\/de\/#\/schema\/logo\/image\/","url":"http:\/\/craftstrom.com\/wp-content\/uploads\/2022\/12\/logo.jpg","contentUrl":"http:\/\/craftstrom.com\/wp-content\/uploads\/2022\/12\/logo.jpg","width":612,"height":231,"caption":"Craftstrom"},"image":{"@id":"https:\/\/craftstrom.com\/de\/#\/schema\/logo\/image\/"},"sameAs":["https:\/\/www.facebook.com\/craftstrom\/","https:\/\/www.instagram.com\/craftstrom\/?hl=en"]}]}},"jetpack_sharing_enabled":true,"_links":{"self":[{"href":"https:\/\/craftstrom.com\/de\/wp-json\/wp\/v2\/product\/3733","targetHints":{"allow":["GET"]}}],"collection":[{"href":"https:\/\/craftstrom.com\/de\/wp-json\/wp\/v2\/product"}],"about":[{"href":"https:\/\/craftstrom.com\/de\/wp-json\/wp\/v2\/types\/product"}],"replies":[{"embeddable":true,"href":"https:\/\/craftstrom.com\/de\/wp-json\/wp\/v2\/comments?post=3733"}],"wp:attachment":[{"href":"https:\/\/craftstrom.com\/de\/wp-json\/wp\/v2\/media?parent=3733"}],"wp:term":[{"taxonomy":"product_brand","embeddable":true,"href":"https:\/\/craftstrom.com\/de\/wp-json\/wp\/v2\/product_brand?post=3733"},{"taxonomy":"product_cat","embeddable":true,"href":"https:\/\/craftstrom.com\/de\/wp-json\/wp\/v2\/product_cat?post=3733"},{"taxonomy":"product_tag","embeddable":true,"href":"https:\/\/craftstrom.com\/de\/wp-json\/wp\/v2\/product_tag?post=3733"}],"curies":[{"name":"wp","href":"https:\/\/api.w.org\/{rel}","templated":true}]}}